{"id":2141,"date":"2017-06-22T16:53:57","date_gmt":"2017-06-22T14:53:57","guid":{"rendered":"https:\/\/www.gtw.cz\/?page_id=2141\/"},"modified":"2017-07-25T07:38:00","modified_gmt":"2017-07-25T05:38:00","slug":"bearings-for-mills-wh","status":"publish","type":"page","link":"https:\/\/www.gtw.cz\/en\/bearings-for-mills-wh\/","title":{"rendered":"Bearings for mills WH"},"content":{"rendered":"<p><div class=\"fusion-fullwidth fullwidth-box nonhundred-percent-fullwidth non-hundred-percent-height-scrolling\"  style='background-color: rgba(255,255,255,0);background-position: center center;background-repeat: no-repeat;padding-right:0px;padding-bottom:30px;padding-left:0px;'><div class=\"fusion-builder-row fusion-row \"><div  class=\"fusion-layout-column fusion_builder_column fusion_builder_column_1_1  fusion-one-full fusion-column-first fusion-column-last 1_1\"  style='margin-top:0px;margin-bottom:0px;'>\n\t\t\t\t\t<div class=\"fusion-column-wrapper\" style=\"background-position:left top;background-repeat:no-repeat;-webkit-background-size:cover;-moz-background-size:cover;-o-background-size:cover;background-size:cover;\"  data-bg-url=\"\">\n\t\t\t\t\t\t<div class=\"fusion-title title fusion-sep-none fusion-title-center fusion-title-size-one nadpis-light\" style=\"margin-top:0px;margin-bottom:30px;\"><h1 class=\"title-heading-center\">Bearings for mills WH<\/h1><\/div><div class=\"fusion-clearfix\"><\/div>\n\n\t\t\t\t\t<\/div>\n\t\t\t\t<\/div><\/div><\/div><div class=\"fusion-fullwidth fullwidth-box nonhundred-percent-fullwidth non-hundred-percent-height-scrolling\"  style='background-color: rgba(255,255,255,0);background-position: center center;background-repeat: no-repeat;padding-top:0px;padding-right:0px;padding-bottom:50px;padding-left:0px;'><div class=\"fusion-builder-row fusion-row \"><div  class=\"fusion-layout-column fusion_builder_column fusion_builder_column_1_2  fusion-one-half fusion-column-first 1_2\"  style='margin-top:0px;margin-bottom:0px;width:50%;width:calc(50% - ( ( 4% ) * 0.5 ) );margin-right: 4%;'>\n\t\t\t\t\t<div class=\"fusion-column-wrapper\" style=\"background-position:left top;background-repeat:no-repeat;-webkit-background-size:cover;-moz-background-size:cover;-o-background-size:cover;background-size:cover;\"  data-bg-url=\"\">\n\t\t\t\t\t\t<div class=\"imageframe-align-center\"><span class=\"fusion-imageframe imageframe-none imageframe-1 hover-type-none\"><img loading=\"lazy\" src=\"https:\/\/www.gtw.cz\/wp-content\/uploads\/2017\/06\/wh.jpg\" width=\"345\" height=\"450\" alt=\"Bearings for mills WH\" title=\"\" class=\"img-responsive wp-image-3388\" srcset=\"https:\/\/www.gtw.cz\/wp-content\/uploads\/2017\/06\/wh-200x261.jpg 200w, https:\/\/www.gtw.cz\/wp-content\/uploads\/2017\/06\/wh.jpg 345w\" sizes=\"(max-width: 800px) 100vw, 345px\" \/><\/span><\/div><div class=\"fusion-clearfix\"><\/div>\n\n\t\t\t\t\t<\/div>\n\t\t\t\t<\/div><div  class=\"fusion-layout-column fusion_builder_column fusion_builder_column_1_2  fusion-one-half fusion-column-last shadow-block 1_2\"  style='margin-top:0px;margin-bottom:0px;width:50%;width:calc(50% - ( ( 4% ) * 0.5 ) );'>\n\t\t\t\t\t<div class=\"fusion-column-wrapper\" style=\"padding: 30px 20px 30px 20px;background-position:left top;background-repeat:no-repeat;-webkit-background-size:cover;-moz-background-size:cover;-o-background-size:cover;background-size:cover;\"  data-bg-url=\"\">\n\t\t\t\t\t\t<div class=\"fusion-text\"><p>GTW series W bearings are sliding bearings of the most advanced conception and design. We also offer assembled variants from the prefabricated parts of the modular system. Slide bearing houses are delivered, depending on the operating conditions, in straight or ribbed design (flange bearings are only in the ribbed version). GTW can customize our Series W bearing by incorporating or adding various bearing pans, lubricating rings, sealing variants, vibrating devices, thermometers and oil distribution systems as modular parts to the housing of pedestal or flanged bearings.<\/p>\n<\/div><div class=\"fusion-text\"><div class=\"download-attachment-wrapper\"><a class=\"download-attachment\" href=\"https:\/\/www.gtw.cz\/wp-content\/uploads\/2017\/06\/Katalog.pdf\" target=\"_blank\" rel=\"noopener noreferrer\"><img class=\"aligncenter size-full wp-image-1992 style-svg\" src=\"https:\/\/www.gtw.cz\/wp-content\/uploads\/2017\/06\/pdf-icon.svg\" alt=\"\" \/>Technical specifications<\/a><\/div>\n<\/div><div class=\"fusion-clearfix\"><\/div>\n\n\t\t\t\t\t<\/div>\n\t\t\t\t<\/div><\/div><\/div><div class=\"fusion-fullwidth fullwidth-box nonhundred-percent-fullwidth non-hundred-percent-height-scrolling\"  style='background-color: rgba(255,255,255,0);background-position: center center;background-repeat: no-repeat;padding-top:0px;padding-right:0px;padding-bottom:30px;padding-left:0px;margin-top: 40px;'><div class=\"fusion-builder-row fusion-row \"><div  class=\"fusion-layout-column fusion_builder_column fusion_builder_column_1_1  fusion-one-full fusion-column-first fusion-column-last 1_1\"  style='margin-top:0px;margin-bottom:0px;'>\n\t\t\t\t\t<div class=\"fusion-column-wrapper\" style=\"background-position:left top;background-repeat:no-repeat;-webkit-background-size:cover;-moz-background-size:cover;-o-background-size:cover;background-size:cover;\"  data-bg-url=\"\">\n\t\t\t\t\t\t<div class=\"fusion-title title fusion-sep-none fusion-title-center fusion-title-size-three\" style=\"margin-top:0px;margin-bottom:20px;\"><h3 class=\"title-heading-center\">VARIANTS OF\u00a0BEARINGS\u00a0SYSTEMS<\/h3><\/div><div class=\"fusion-builder-row fusion-builder-row-inner fusion-row \"><div  class=\"fusion-layout-column fusion_builder_column fusion_builder_column_1_3  fusion-one-third fusion-column-first 1_3\"  style='margin-top: 0px;margin-bottom: 0px;width:33.33%;width:calc(33.33% - ( ( 4% + 4% ) * 0.3333 ) );margin-right:4%;'><div class=\"fusion-column-wrapper\" style=\"background-position:left top;background-repeat:no-repeat;-webkit-background-size:cover;-moz-background-size:cover;-o-background-size:cover;background-size:cover;\"  data-bg-url=\"\"><div class=\"fusion-text\"><p><a class=\"contentBox wp-aj\" href=\"\/en\/pedestal-bearings-wp\/\"><br \/>\n<span class=\"title\">Pedestal Bearings WP<\/span><br \/>\n<span class=\"more\">About product<\/span><br \/>\n<\/a><\/p>\n<\/div><\/div><\/div><div  class=\"fusion-layout-column fusion_builder_column fusion_builder_column_1_3  fusion-one-third 1_3\"  style='margin-top: 0px;margin-bottom: 0px;width:33.33%;width:calc(33.33% - ( ( 4% + 4% ) * 0.3333 ) );margin-right:4%;'><div class=\"fusion-column-wrapper\" style=\"background-position:left top;background-repeat:no-repeat;-webkit-background-size:cover;-moz-background-size:cover;-o-background-size:cover;background-size:cover;\"  data-bg-url=\"\"><div class=\"fusion-text\"><p><a class=\"contentBox systemy-aj\" href=\"\/en\/centre-flange-bearings-wm\/\"><br \/>\n<span class=\"title\">Centre flange bearings WM<\/span><br \/>\n<span class=\"more\">About product<\/span><br \/>\n<\/a><\/p>\n<\/div><\/div><\/div><div  class=\"fusion-layout-column fusion_builder_column fusion_builder_column_1_3  fusion-one-third fusion-column-last 1_3\"  style='margin-top: 0px;margin-bottom: 0px;width:33.33%;width:calc(33.33% - ( ( 4% + 4% ) * 0.3333 ) );'><div class=\"fusion-column-wrapper\" style=\"background-position:left top;background-repeat:no-repeat;-webkit-background-size:cover;-moz-background-size:cover;-o-background-size:cover;background-size:cover;\"  data-bg-url=\"\"><div class=\"fusion-text\"><p><a class=\"contentBox wf-aj\" href=\"\/en\/side-flange-bearings-wf\/\"><br \/>\n<span class=\"title\">Side flange bearings WF<\/span><br \/>\n<span class=\"more\">About product<\/span><br \/>\n<\/a><\/p>\n<\/div><\/div><\/div><\/div><div class=\"fusion-builder-row fusion-builder-row-inner fusion-row \"><div  class=\"fusion-layout-column fusion_builder_column fusion_builder_column_1_3  fusion-one-third fusion-column-first 1_3\"  style='margin-top: 0px;margin-bottom: 0px;width:33.33%;width:calc(33.33% - ( ( 4% + 4% ) * 0.3333 ) );margin-right:4%;'><div class=\"fusion-column-wrapper\" style=\"background-position:left top;background-repeat:no-repeat;-webkit-background-size:cover;-moz-background-size:cover;-o-background-size:cover;background-size:cover;\"  data-bg-url=\"\"><div class=\"fusion-text\"><p><a class=\"contentBox wv-aj\" href=\"\/en\/vertical-bearings-wv\/\"><br \/>\n<span class=\"title\">Vertical bearings WV<\/span><br \/>\n<span class=\"more\">About product<\/span><br \/>\n<\/a><\/p>\n<\/div><\/div><\/div><div  class=\"fusion-layout-column fusion_builder_column fusion_builder_column_1_3  fusion-one-third 1_3\"  style='margin-top: 0px;margin-bottom: 0px;width:33.33%;width:calc(33.33% - ( ( 4% + 4% ) * 0.3333 ) );margin-right:4%;'><div class=\"fusion-column-wrapper\" style=\"background-position:left top;background-repeat:no-repeat;-webkit-background-size:cover;-moz-background-size:cover;-o-background-size:cover;background-size:cover;\"  data-bg-url=\"\"><div class=\"fusion-text\"><p><a class=\"contentBox wh-aj\" href=\"\/en\/bearings-for-mills-wh\/\"><br \/>\n<span class=\"title\">Bearings for mills WH<\/span><br \/>\n<span class=\"more\">About product<\/span><br \/>\n<\/a><\/p>\n<\/div><\/div><\/div><div  class=\"fusion-layout-column fusion_builder_column fusion_builder_column_1_3  fusion-one-third fusion-column-last 1_3\"  style='margin-top: 0px;margin-bottom: 0px;width:33.33%;width:calc(33.33% - ( ( 4% + 4% ) * 0.3333 ) );'><div class=\"fusion-column-wrapper\" style=\"background-position:left top;background-repeat:no-repeat;-webkit-background-size:cover;-moz-background-size:cover;-o-background-size:cover;background-size:cover;\"  data-bg-url=\"\"><div class=\"fusion-text\"><p><a class=\"contentBox ws-aj\" href=\"\/en\/bearings-for-mills-ws\/\"><br \/>\n<span class=\"title\">Bearings for mills WS<\/span><br \/>\n<span class=\"more\">About product<\/span><br \/>\n<\/a><\/p>\n<\/div><\/div><\/div><\/div><div class=\"fusion-button-wrapper fusion-aligncenter\"><style type=\"text\/css\" scoped=\"scoped\">.fusion-button.button-1 .fusion-button-text, .fusion-button.button-1 i {color:#333333;}.fusion-button.button-1 {border-width:0px;border-color:#333333;}.fusion-button.button-1 .fusion-button-icon-divider{border-color:#333333;}.fusion-button.button-1:hover .fusion-button-text, .fusion-button.button-1:hover i,.fusion-button.button-1:focus .fusion-button-text, .fusion-button.button-1:focus i,.fusion-button.button-1:active .fusion-button-text, .fusion-button.button-1:active{color:#ffffff;}.fusion-button.button-1:hover, .fusion-button.button-1:focus, .fusion-button.button-1:active{border-width:0px;border-color:#ffffff;}.fusion-button.button-1:hover .fusion-button-icon-divider, .fusion-button.button-1:hover .fusion-button-icon-divider, .fusion-button.button-1:active .fusion-button-icon-divider{border-color:#ffffff;}.fusion-button.button-1{width:auto;}<\/style><a class=\"fusion-button button-flat fusion-button-square button-xlarge button-default button-1 with-stripe\" target=\"_self\" href=\"\/en\/products\/\"><span class=\"fusion-button-text\">All products<\/span><\/a><\/div><div class=\"fusion-clearfix\"><\/div>\n\n\t\t\t\t\t<\/div>\n\t\t\t\t<\/div><\/div><\/div><div class=\"fusion-fullwidth fullwidth-box nonhundred-percent-fullwidth non-hundred-percent-height-scrolling\"  style='background-color: rgba(255,255,255,0);background-position: center center;background-repeat: no-repeat;padding-top:15px;padding-right:0px;padding-bottom:15px;padding-left:0px;border-top-width:1px;border-bottom-width:1px;border-color:#eae9e9;border-top-style:solid;border-bottom-style:solid;'><div class=\"fusion-builder-row fusion-row \"><div  class=\"fusion-layout-column fusion_builder_column fusion_builder_column_1_4  fusion-one-fourth fusion-column-first 1_4\"  style='margin-top:0px;margin-bottom:0px;width:25%;width:calc(25% - ( ( 4% + 4% + 4% ) * 0.25 ) );margin-right: 4%;'>\n\t\t\t\t\t<div class=\"fusion-column-wrapper\" style=\"background-position:left top;background-repeat:no-repeat;-webkit-background-size:cover;-moz-background-size:cover;-o-background-size:cover;background-size:cover;\"  data-bg-url=\"\">\n\t\t\t\t\t\t<div class=\"fusion-text\"><div class=\"vyhoda\"><img class=\"alignnone style-svg size-full wp-image-1324\" src=\"https:\/\/www.gtw.cz\/wp-content\/uploads\/2015\/12\/ruce_a_ozubko.svg\" alt=\"\" \/><span class=\"text\">HIGH-QUALITY PRODUCTS<\/span><\/div>\n<\/div><div class=\"fusion-clearfix\"><\/div>\n\n\t\t\t\t\t<\/div>\n\t\t\t\t<\/div><div  class=\"fusion-layout-column fusion_builder_column fusion_builder_column_1_4  fusion-one-fourth 1_4\"  style='margin-top:0px;margin-bottom:0px;width:25%;width:calc(25% - ( ( 4% + 4% + 4% ) * 0.25 ) );margin-right: 4%;'>\n\t\t\t\t\t<div class=\"fusion-column-wrapper\" style=\"background-position:left top;background-repeat:no-repeat;-webkit-background-size:cover;-moz-background-size:cover;-o-background-size:cover;background-size:cover;\"  data-bg-url=\"\">\n\t\t\t\t\t\t<div class=\"fusion-text\"><div class=\"vyhoda\"><img class=\"alignnone size-full wp-image-1321 style-svg\" src=\"https:\/\/www.gtw.cz\/wp-content\/uploads\/2015\/12\/comp.svg\" alt=\"\" \/><span class=\"text\">THE MOST MODERN MACHINERY EQUIPMENT<\/span><\/div>\n<\/div><div class=\"fusion-clearfix\"><\/div>\n\n\t\t\t\t\t<\/div>\n\t\t\t\t<\/div><div  class=\"fusion-layout-column fusion_builder_column fusion_builder_column_1_4  fusion-one-fourth 1_4\"  style='margin-top:0px;margin-bottom:0px;width:25%;width:calc(25% - ( ( 4% + 4% + 4% ) * 0.25 ) );margin-right: 4%;'>\n\t\t\t\t\t<div class=\"fusion-column-wrapper\" style=\"background-position:left top;background-repeat:no-repeat;-webkit-background-size:cover;-moz-background-size:cover;-o-background-size:cover;background-size:cover;\"  data-bg-url=\"\">\n\t\t\t\t\t\t<div class=\"fusion-text\"><div class=\"vyhoda big\"><img class=\"alignnone size-full wp-image-1322 style-svg\" src=\"https:\/\/www.gtw.cz\/wp-content\/uploads\/2015\/12\/pc.svg\" alt=\"\" \/><span class=\"text\">OVER 20 YEARS EXPERIENCE IN DESIGN AND MANUFACTURING<\/span><\/div>\n<\/div><div class=\"fusion-clearfix\"><\/div>\n\n\t\t\t\t\t<\/div>\n\t\t\t\t<\/div><div  class=\"fusion-layout-column fusion_builder_column fusion_builder_column_1_4  fusion-one-fourth fusion-column-last 1_4\"  style='margin-top:0px;margin-bottom:0px;width:25%;width:calc(25% - ( ( 4% + 4% + 4% ) * 0.25 ) );'>\n\t\t\t\t\t<div class=\"fusion-column-wrapper\" style=\"background-position:left top;background-repeat:no-repeat;-webkit-background-size:cover;-moz-background-size:cover;-o-background-size:cover;background-size:cover;\"  data-bg-url=\"\">\n\t\t\t\t\t\t<div class=\"fusion-text\"><div class=\"vyhoda\"><img class=\"alignnone size-full wp-image-1323 style-svg\" src=\"https:\/\/www.gtw.cz\/wp-content\/uploads\/2015\/12\/dve_postavy.svg\" alt=\"\" \/><span class=\"text\">High Capacity Production<\/span><\/div>\n<\/div><div class=\"fusion-clearfix\"><\/div>\n\n\t\t\t\t\t<\/div>\n\t\t\t\t<\/div><\/div><\/div><\/p>\n","protected":false},"excerpt":{"rendered":"","protected":false},"author":1,"featured_media":0,"parent":0,"menu_order":0,"comment_status":"closed","ping_status":"closed","template":"","meta":{"_exactmetrics_skip_tracking":false,"_exactmetrics_sitenote_active":false,"_exactmetrics_sitenote_note":"","_exactmetrics_sitenote_category":0},"yoast_head":"<!-- This site is optimized with the Yoast SEO plugin v17.4 - https:\/\/yoast.com\/wordpress\/plugins\/seo\/ -->\n<title>Bearings for mills WH - GTW<\/title>\n<meta name=\"robots\" content=\"index, follow, max-snippet:-1, max-image-preview:large, max-video-preview:-1\" \/>\n<link rel=\"canonical\" href=\"https:\/\/www.gtw.cz\/en\/bearings-for-mills-wh\/\" \/>\n<meta property=\"og:locale\" content=\"en_US\" \/>\n<meta property=\"og:type\" content=\"article\" \/>\n<meta property=\"og:title\" content=\"Bearings for mills WH - GTW\" \/>\n<meta property=\"og:url\" content=\"https:\/\/www.gtw.cz\/en\/bearings-for-mills-wh\/\" \/>\n<meta property=\"og:site_name\" content=\"GTW\" \/>\n<meta property=\"article:modified_time\" content=\"2017-07-25T05:38:00+00:00\" \/>\n<meta property=\"og:image\" content=\"https:\/\/www.gtw.cz\/wp-content\/uploads\/2017\/06\/pdf-icon.svg\" \/>\n<meta name=\"twitter:card\" content=\"summary\" \/>\n<meta name=\"twitter:label1\" content=\"Est. reading time\" \/>\n\t<meta name=\"twitter:data1\" content=\"8 minutes\" \/>\n<script type=\"application\/ld+json\" class=\"yoast-schema-graph\">{\"@context\":\"https:\/\/schema.org\",\"@graph\":[{\"@type\":\"WebSite\",\"@id\":\"https:\/\/www.gtw.cz\/en\/#website\",\"url\":\"https:\/\/www.gtw.cz\/en\/\",\"name\":\"GTW\",\"description\":\"V\\u00fdroba kluzn\\u00fdch lo\\u017eisek na m\\u00edru\",\"potentialAction\":[{\"@type\":\"SearchAction\",\"target\":{\"@type\":\"EntryPoint\",\"urlTemplate\":\"https:\/\/www.gtw.cz\/en\/?s={search_term_string}\"},\"query-input\":\"required name=search_term_string\"}],\"inLanguage\":\"en-US\"},{\"@type\":\"ImageObject\",\"@id\":\"https:\/\/www.gtw.cz\/en\/bearings-for-mills-wh\/#primaryimage\",\"inLanguage\":\"en-US\",\"url\":\"https:\/\/www.gtw.cz\/wp-content\/uploads\/2017\/06\/pdf-icon.svg\",\"contentUrl\":\"https:\/\/www.gtw.cz\/wp-content\/uploads\/2017\/06\/pdf-icon.svg\"},{\"@type\":\"WebPage\",\"@id\":\"https:\/\/www.gtw.cz\/en\/bearings-for-mills-wh\/#webpage\",\"url\":\"https:\/\/www.gtw.cz\/en\/bearings-for-mills-wh\/\",\"name\":\"Bearings for mills WH - GTW\",\"isPartOf\":{\"@id\":\"https:\/\/www.gtw.cz\/en\/#website\"},\"primaryImageOfPage\":{\"@id\":\"https:\/\/www.gtw.cz\/en\/bearings-for-mills-wh\/#primaryimage\"},\"datePublished\":\"2017-06-22T14:53:57+00:00\",\"dateModified\":\"2017-07-25T05:38:00+00:00\",\"breadcrumb\":{\"@id\":\"https:\/\/www.gtw.cz\/en\/bearings-for-mills-wh\/#breadcrumb\"},\"inLanguage\":\"en-US\",\"potentialAction\":[{\"@type\":\"ReadAction\",\"target\":[\"https:\/\/www.gtw.cz\/en\/bearings-for-mills-wh\/\"]}]},{\"@type\":\"BreadcrumbList\",\"@id\":\"https:\/\/www.gtw.cz\/en\/bearings-for-mills-wh\/#breadcrumb\",\"itemListElement\":[{\"@type\":\"ListItem\",\"position\":1,\"name\":\"Dom\\u016f\",\"item\":\"https:\/\/www.gtw.cz\/en\/\"},{\"@type\":\"ListItem\",\"position\":2,\"name\":\"Bearings for mills WH\"}]}]}<\/script>\n<!-- \/ Yoast SEO plugin. -->","yoast_head_json":{"title":"Bearings for mills WH - GTW","robots":{"index":"index","follow":"follow","max-snippet":"max-snippet:-1","max-image-preview":"max-image-preview:large","max-video-preview":"max-video-preview:-1"},"canonical":"https:\/\/www.gtw.cz\/en\/bearings-for-mills-wh\/","og_locale":"en_US","og_type":"article","og_title":"Bearings for mills WH - GTW","og_url":"https:\/\/www.gtw.cz\/en\/bearings-for-mills-wh\/","og_site_name":"GTW","article_modified_time":"2017-07-25T05:38:00+00:00","og_image":[{"url":"https:\/\/www.gtw.cz\/wp-content\/uploads\/2017\/06\/pdf-icon.svg"}],"twitter_card":"summary","twitter_misc":{"Est. reading time":"8 minutes"},"schema":{"@context":"https:\/\/schema.org","@graph":[{"@type":"WebSite","@id":"https:\/\/www.gtw.cz\/en\/#website","url":"https:\/\/www.gtw.cz\/en\/","name":"GTW","description":"V\u00fdroba kluzn\u00fdch lo\u017eisek na m\u00edru","potentialAction":[{"@type":"SearchAction","target":{"@type":"EntryPoint","urlTemplate":"https:\/\/www.gtw.cz\/en\/?s={search_term_string}"},"query-input":"required name=search_term_string"}],"inLanguage":"en-US"},{"@type":"ImageObject","@id":"https:\/\/www.gtw.cz\/en\/bearings-for-mills-wh\/#primaryimage","inLanguage":"en-US","url":"https:\/\/www.gtw.cz\/wp-content\/uploads\/2017\/06\/pdf-icon.svg","contentUrl":"https:\/\/www.gtw.cz\/wp-content\/uploads\/2017\/06\/pdf-icon.svg"},{"@type":"WebPage","@id":"https:\/\/www.gtw.cz\/en\/bearings-for-mills-wh\/#webpage","url":"https:\/\/www.gtw.cz\/en\/bearings-for-mills-wh\/","name":"Bearings for mills WH - GTW","isPartOf":{"@id":"https:\/\/www.gtw.cz\/en\/#website"},"primaryImageOfPage":{"@id":"https:\/\/www.gtw.cz\/en\/bearings-for-mills-wh\/#primaryimage"},"datePublished":"2017-06-22T14:53:57+00:00","dateModified":"2017-07-25T05:38:00+00:00","breadcrumb":{"@id":"https:\/\/www.gtw.cz\/en\/bearings-for-mills-wh\/#breadcrumb"},"inLanguage":"en-US","potentialAction":[{"@type":"ReadAction","target":["https:\/\/www.gtw.cz\/en\/bearings-for-mills-wh\/"]}]},{"@type":"BreadcrumbList","@id":"https:\/\/www.gtw.cz\/en\/bearings-for-mills-wh\/#breadcrumb","itemListElement":[{"@type":"ListItem","position":1,"name":"Dom\u016f","item":"https:\/\/www.gtw.cz\/en\/"},{"@type":"ListItem","position":2,"name":"Bearings for mills WH"}]}]}},"_links":{"self":[{"href":"https:\/\/www.gtw.cz\/en\/wp-json\/wp\/v2\/pages\/2141"}],"collection":[{"href":"https:\/\/www.gtw.cz\/en\/wp-json\/wp\/v2\/pages"}],"about":[{"href":"https:\/\/www.gtw.cz\/en\/wp-json\/wp\/v2\/types\/page"}],"author":[{"embeddable":true,"href":"https:\/\/www.gtw.cz\/en\/wp-json\/wp\/v2\/users\/1"}],"replies":[{"embeddable":true,"href":"https:\/\/www.gtw.cz\/en\/wp-json\/wp\/v2\/comments?post=2141"}],"version-history":[{"count":0,"href":"https:\/\/www.gtw.cz\/en\/wp-json\/wp\/v2\/pages\/2141\/revisions"}],"wp:attachment":[{"href":"https:\/\/www.gtw.cz\/en\/wp-json\/wp\/v2\/media?parent=2141"}],"curies":[{"name":"wp","href":"https:\/\/api.w.org\/{rel}","templated":true}]}}