{"id":1906,"date":"2017-06-20T15:46:29","date_gmt":"2017-06-20T13:46:29","guid":{"rendered":"https:\/\/www.gtw.cz\/?page_id=1906\/"},"modified":"2025-11-21T15:37:47","modified_gmt":"2025-11-21T14:37:47","slug":"references","status":"publish","type":"page","link":"https:\/\/www.gtw.cz\/en\/references\/","title":{"rendered":"References"},"content":{"rendered":"<p><div class=\"fusion-fullwidth fullwidth-box nonhundred-percent-fullwidth non-hundred-percent-height-scrolling\"  style='background-color: rgba(255,255,255,0);background-position: center center;background-repeat: no-repeat;padding-right:0px;padding-bottom:30px;padding-left:0px;'><div class=\"fusion-builder-row fusion-row \"><div  class=\"fusion-layout-column fusion_builder_column fusion_builder_column_1_1  fusion-one-full fusion-column-first fusion-column-last 1_1\"  style='margin-top:0px;margin-bottom:0px;'>\n\t\t\t\t\t<div class=\"fusion-column-wrapper\" style=\"padding: 0px 0px 0px 0px;background-position:left top;background-repeat:no-repeat;-webkit-background-size:cover;-moz-background-size:cover;-o-background-size:cover;background-size:cover;\"  data-bg-url=\"\">\n\t\t\t\t\t\t<div class=\"fusion-title title fusion-sep-none fusion-title-center fusion-title-size-one nadpis-light\" style=\"margin-top:0px;margin-bottom:30px;\"><h1 class=\"title-heading-center\"><span style=\"font-weight: 200;\">OUR PARTNERS AND<\/span> CLIENTS<\/h1><\/div><div class=\"fusion-clearfix\"><\/div>\n\n\t\t\t\t\t<\/div>\n\t\t\t\t<\/div><\/div><\/div><div class=\"fusion-fullwidth fullwidth-box nonhundred-percent-fullwidth non-hundred-percent-height-scrolling fusion-equal-height-columns\"  style='background-color: rgba(255,255,255,0);background-position: center center;background-repeat: no-repeat;padding-top:0px;padding-right:0px;padding-bottom:0px;padding-left:0px;'><div class=\"fusion-builder-row fusion-row \"><div  class=\"fusion-layout-column fusion_builder_column fusion_builder_column_1_4  fusion-one-fourth fusion-column-first 1_4\"  style='margin-top:0px;margin-bottom:0px;width:25%;width:calc(25% - ( ( 4% + 4% + 4% ) * 0.25 ) );margin-right: 4%;'>\n\t\t\t\t\t<div class=\"fusion-column-wrapper\" style=\"padding: 0px 0px 0px 0px;background-position:left top;background-repeat:no-repeat;-webkit-background-size:cover;-moz-background-size:cover;-o-background-size:cover;background-size:cover;\"  data-bg-url=\"\">\n\t\t\t\t\t\t<div class=\"fusion-column-content-centered\"><div class=\"fusion-column-content\"><div class=\"imageframe-align-center\"><span class=\"fusion-imageframe imageframe-none imageframe-1 hover-type-zoomin\"><a class=\"fusion-no-lightbox\" href=\"https:\/\/www.siemens.com\/cz\/cz\/home.html\" target=\"_blank\" aria-label=\"Siemens Energy\" rel=\"noopener noreferrer\"><img loading=\"lazy\" src=\"https:\/\/www.gtw.cz\/wp-content\/uploads\/2025\/11\/Siemens-Energy.gif\" width=\"154\" height=\"93\" alt=\"Siemens\" class=\"img-responsive wp-image-9568\"\/><\/a><\/span><\/div><\/div><\/div><div class=\"fusion-clearfix\"><\/div>\n\n\t\t\t\t\t<\/div>\n\t\t\t\t<\/div><div  class=\"fusion-layout-column fusion_builder_column fusion_builder_column_1_4  fusion-one-fourth 1_4\"  style='margin-top:0px;margin-bottom:0px;width:25%;width:calc(25% - ( ( 4% + 4% + 4% ) * 0.25 ) );margin-right: 4%;'>\n\t\t\t\t\t<div class=\"fusion-column-wrapper\" style=\"padding: 0px 0px 0px 0px;background-position:left top;background-repeat:no-repeat;-webkit-background-size:cover;-moz-background-size:cover;-o-background-size:cover;background-size:cover;\"  data-bg-url=\"\">\n\t\t\t\t\t\t<div class=\"fusion-column-content-centered\"><div class=\"fusion-column-content\"><div class=\"imageframe-align-center\"><span class=\"fusion-imageframe imageframe-none imageframe-2 hover-type-zoomin\"><a class=\"fusion-no-lightbox\" href=\"https:\/\/www.wikov.com\/cs\" target=\"_blank\" aria-label=\"WIKOV\" rel=\"noopener noreferrer\"><img loading=\"lazy\" src=\"https:\/\/www.gtw.cz\/wp-content\/uploads\/2025\/09\/WIKOV.jpg\" width=\"241\" height=\"90\" alt=\"Wikov Gear\" class=\"img-responsive wp-image-9209\"\/><\/a><\/span><\/div><\/div><\/div><div class=\"fusion-clearfix\"><\/div>\n\n\t\t\t\t\t<\/div>\n\t\t\t\t<\/div><div  class=\"fusion-layout-column fusion_builder_column fusion_builder_column_1_4  fusion-one-fourth 1_4\"  style='margin-top:0px;margin-bottom:0px;width:25%;width:calc(25% - ( ( 4% + 4% + 4% ) * 0.25 ) );margin-right: 4%;'>\n\t\t\t\t\t<div class=\"fusion-column-wrapper\" style=\"padding: 0px 0px 0px 0px;background-position:left top;background-repeat:no-repeat;-webkit-background-size:cover;-moz-background-size:cover;-o-background-size:cover;background-size:cover;\"  data-bg-url=\"\">\n\t\t\t\t\t\t<div class=\"fusion-column-content-centered\"><div class=\"fusion-column-content\"><div class=\"imageframe-align-center\"><span class=\"fusion-imageframe imageframe-none imageframe-3 hover-type-zoomin\"><a class=\"fusion-no-lightbox\" href=\"http:\/\/www.doosanskodapower.com\/cz\/main.do\" target=\"_blank\" aria-label=\"DOOSAN\" rel=\"noopener noreferrer\"><img loading=\"lazy\" src=\"https:\/\/www.gtw.cz\/wp-content\/uploads\/2024\/01\/DOOSAN-1.jpg\" width=\"145\" height=\"89\" alt=\"Doosan \u0160koda Power\" class=\"img-responsive wp-image-6435\"\/><\/a><\/span><\/div><\/div><\/div><div class=\"fusion-clearfix\"><\/div>\n\n\t\t\t\t\t<\/div>\n\t\t\t\t<\/div><div  class=\"fusion-layout-column fusion_builder_column fusion_builder_column_1_4  fusion-one-fourth fusion-column-last 1_4\"  style='margin-top:0px;margin-bottom:0px;width:25%;width:calc(25% - ( ( 4% + 4% + 4% ) * 0.25 ) );'>\n\t\t\t\t\t<div class=\"fusion-column-wrapper\" style=\"padding: 0px 0px 0px 0px;background-position:left top;background-repeat:no-repeat;-webkit-background-size:cover;-moz-background-size:cover;-o-background-size:cover;background-size:cover;\"  data-bg-url=\"\">\n\t\t\t\t\t\t<div class=\"fusion-column-content-centered\"><div class=\"fusion-column-content\"><div class=\"imageframe-align-center\"><span class=\"fusion-imageframe imageframe-none imageframe-4 hover-type-zoomin\"><a class=\"fusion-no-lightbox\" href=\"http:\/\/www.flender-graff.com\/\" target=\"_blank\" aria-label=\"FLENDER\" rel=\"noopener noreferrer\"><img loading=\"lazy\" src=\"https:\/\/www.gtw.cz\/wp-content\/uploads\/2024\/01\/FLENDER-1.jpg\" width=\"269\" height=\"71\" alt=\"Flender Graffenstande\" class=\"img-responsive wp-image-6433\"\/><\/a><\/span><\/div><\/div><\/div><div class=\"fusion-clearfix\"><\/div>\n\n\t\t\t\t\t<\/div>\n\t\t\t\t<\/div><div  class=\"fusion-layout-column fusion_builder_column fusion_builder_column_1_4  fusion-one-fourth fusion-column-first 1_4\"  style='margin-top:0px;margin-bottom:0px;width:25%;width:calc(25% - ( ( 4% + 4% + 4% ) * 0.25 ) );margin-right: 4%;'>\n\t\t\t\t\t<div class=\"fusion-column-wrapper\" style=\"padding: 0px 0px 0px 0px;background-position:left top;background-repeat:no-repeat;-webkit-background-size:cover;-moz-background-size:cover;-o-background-size:cover;background-size:cover;\"  data-bg-url=\"\">\n\t\t\t\t\t\t<div class=\"fusion-column-content-centered\"><div class=\"fusion-column-content\"><div class=\"imageframe-align-center\"><span class=\"fusion-imageframe imageframe-none imageframe-5 hover-type-zoomin\"><a class=\"fusion-no-lightbox\" href=\"https:\/\/www.maaggear.com\/\" target=\"_blank\" aria-label=\"Maag Gear Logo\" rel=\"noopener noreferrer\"><img loading=\"lazy\" src=\"https:\/\/www.gtw.cz\/wp-content\/uploads\/2024\/05\/maag_gear_logo.jpg\" width=\"200\" height=\"200\" alt=\"Maag Gear\" class=\"img-responsive wp-image-6616\"\/><\/a><\/span><\/div><\/div><\/div><div class=\"fusion-clearfix\"><\/div>\n\n\t\t\t\t\t<\/div>\n\t\t\t\t<\/div><div  class=\"fusion-layout-column fusion_builder_column fusion_builder_column_1_4  fusion-one-fourth 1_4\"  style='margin-top:0px;margin-bottom:0px;width:25%;width:calc(25% - ( ( 4% + 4% + 4% ) * 0.25 ) );margin-right: 4%;'>\n\t\t\t\t\t<div class=\"fusion-column-wrapper\" style=\"padding: 0px 0px 0px 0px;background-position:left top;background-repeat:no-repeat;-webkit-background-size:cover;-moz-background-size:cover;-o-background-size:cover;background-size:cover;\"  data-bg-url=\"\">\n\t\t\t\t\t\t<div class=\"fusion-column-content-centered\"><div class=\"fusion-column-content\"><div class=\"imageframe-align-center\"><span class=\"fusion-imageframe imageframe-none imageframe-6 hover-type-zoomin\"><a class=\"fusion-no-lightbox\" href=\"http:\/\/voith.com\/en\/index.html\" target=\"_blank\" aria-label=\"10. Voith\" rel=\"noopener noreferrer\"><img loading=\"lazy\" src=\"https:\/\/www.gtw.cz\/wp-content\/uploads\/2017\/05\/10.-Voith-300x71.png\" width=\"300\" height=\"71\" alt=\"Voith\" class=\"img-responsive wp-image-3309\" srcset=\"https:\/\/www.gtw.cz\/wp-content\/uploads\/2017\/05\/10.-Voith-200x47.png 200w, https:\/\/www.gtw.cz\/wp-content\/uploads\/2017\/05\/10.-Voith-400x95.png 400w, https:\/\/www.gtw.cz\/wp-content\/uploads\/2017\/05\/10.-Voith-600x142.png 600w, https:\/\/www.gtw.cz\/wp-content\/uploads\/2017\/05\/10.-Voith-800x189.png 800w, https:\/\/www.gtw.cz\/wp-content\/uploads\/2017\/05\/10.-Voith.png 1024w\" sizes=\"(max-width: 800px) 100vw, 400px\" \/><\/a><\/span><\/div><\/div><\/div><div class=\"fusion-clearfix\"><\/div>\n\n\t\t\t\t\t<\/div>\n\t\t\t\t<\/div><div  class=\"fusion-layout-column fusion_builder_column fusion_builder_column_1_4  fusion-one-fourth 1_4\"  style='margin-top:0px;margin-bottom:0px;width:25%;width:calc(25% - ( ( 4% + 4% + 4% ) * 0.25 ) );margin-right: 4%;'>\n\t\t\t\t\t<div class=\"fusion-column-wrapper\" style=\"padding: 0px 0px 0px 0px;background-position:left top;background-repeat:no-repeat;-webkit-background-size:cover;-moz-background-size:cover;-o-background-size:cover;background-size:cover;\"  data-bg-url=\"\">\n\t\t\t\t\t\t<div class=\"fusion-column-content-centered\"><div class=\"fusion-column-content\"><div class=\"imageframe-align-center\"><span class=\"fusion-imageframe imageframe-none imageframe-7 hover-type-zoomin\"><img loading=\"lazy\" src=\"https:\/\/www.gtw.cz\/wp-content\/uploads\/2025\/09\/logo-Lufkin-Gears_14.08..jpg\" width=\"190\" height=\"48\" alt=\"\" title=\"Logo Lufkin Gears 14.08.\" class=\"img-responsive wp-image-9205\"\/><\/span><\/div><\/div><\/div><div class=\"fusion-clearfix\"><\/div>\n\n\t\t\t\t\t<\/div>\n\t\t\t\t<\/div><div  class=\"fusion-layout-column fusion_builder_column fusion_builder_column_1_4  fusion-one-fourth fusion-column-last 1_4\"  style='margin-top:0px;margin-bottom:0px;width:25%;width:calc(25% - ( ( 4% + 4% + 4% ) * 0.25 ) );'>\n\t\t\t\t\t<div class=\"fusion-column-wrapper\" style=\"padding: 0px 0px 0px 0px;background-position:left top;background-repeat:no-repeat;-webkit-background-size:cover;-moz-background-size:cover;-o-background-size:cover;background-size:cover;\"  data-bg-url=\"\">\n\t\t\t\t\t\t<div class=\"fusion-column-content-centered\"><div class=\"fusion-column-content\"><div class=\"imageframe-align-center\"><span class=\"fusion-imageframe imageframe-none imageframe-8 hover-type-zoomin\"><a class=\"fusion-no-lightbox\" href=\"http:\/\/www.brush-sem.cz\/\" target=\"_blank\" aria-label=\"Atlas Copco\" rel=\"noopener noreferrer\"><img loading=\"lazy\" src=\"https:\/\/www.gtw.cz\/wp-content\/uploads\/2024\/01\/Atlas-Copco-1.jpg\" width=\"392\" height=\"196\" alt=\"Brush\" class=\"img-responsive wp-image-6437\"\/><\/a><\/span><\/div><\/div><\/div><div class=\"fusion-clearfix\"><\/div>\n\n\t\t\t\t\t<\/div>\n\t\t\t\t<\/div><div  class=\"fusion-layout-column fusion_builder_column fusion_builder_column_1_4  fusion-one-fourth fusion-column-first 1_4\"  style='margin-top:0px;margin-bottom:0px;width:25%;width:calc(25% - ( ( 4% + 4% + 4% ) * 0.25 ) );margin-right: 4%;'>\n\t\t\t\t\t<div class=\"fusion-column-wrapper\" style=\"padding: 0px 0px 0px 0px;background-position:left top;background-repeat:no-repeat;-webkit-background-size:cover;-moz-background-size:cover;-o-background-size:cover;background-size:cover;\"  data-bg-url=\"\">\n\t\t\t\t\t\t<div class=\"fusion-column-content-centered\"><div class=\"fusion-column-content\"><div class=\"imageframe-align-center\"><span class=\"fusion-imageframe imageframe-none imageframe-9 hover-type-zoomin\"><a class=\"fusion-no-lightbox\" href=\"http:\/\/dieselturbo.man.eu\/\" target=\"_blank\" aria-label=\"11. MAN\" rel=\"noopener noreferrer\"><img loading=\"lazy\" src=\"https:\/\/www.gtw.cz\/wp-content\/uploads\/2017\/05\/11.-MAN-e1497965326956.png\" width=\"234\" height=\"130\" alt=\"MAN\" class=\"img-responsive wp-image-3310\"\/><\/a><\/span><\/div><\/div><\/div><div class=\"fusion-clearfix\"><\/div>\n\n\t\t\t\t\t<\/div>\n\t\t\t\t<\/div><div  class=\"fusion-layout-column fusion_builder_column fusion_builder_column_1_4  fusion-one-fourth 1_4\"  style='margin-top:0px;margin-bottom:0px;width:25%;width:calc(25% - ( ( 4% + 4% + 4% ) * 0.25 ) );margin-right: 4%;'>\n\t\t\t\t\t<div class=\"fusion-column-wrapper\" style=\"padding: 0px 0px 0px 0px;background-position:left top;background-repeat:no-repeat;-webkit-background-size:cover;-moz-background-size:cover;-o-background-size:cover;background-size:cover;\"  data-bg-url=\"\">\n\t\t\t\t\t\t<div class=\"fusion-column-content-centered\"><div class=\"fusion-column-content\"><div class=\"imageframe-align-center\"><span class=\"fusion-imageframe imageframe-none imageframe-10 hover-type-zoomin\"><a class=\"fusion-no-lightbox\" href=\"https:\/\/www.gepower.com\/\" target=\"_blank\" aria-label=\"4. GE\" rel=\"noopener noreferrer\"><img loading=\"lazy\" src=\"https:\/\/www.gtw.cz\/wp-content\/uploads\/2017\/05\/4.-GE-e1497965414894.png\" width=\"130\" height=\"130\" alt=\"GE Capital\" class=\"img-responsive wp-image-3305\"\/><\/a><\/span><\/div><\/div><\/div><div class=\"fusion-clearfix\"><\/div>\n\n\t\t\t\t\t<\/div>\n\t\t\t\t<\/div><div  class=\"fusion-layout-column fusion_builder_column fusion_builder_column_1_4  fusion-one-fourth 1_4\"  style='margin-top:0px;margin-bottom:0px;width:25%;width:calc(25% - ( ( 4% + 4% + 4% ) * 0.25 ) );margin-right: 4%;'>\n\t\t\t\t\t<div class=\"fusion-column-wrapper\" style=\"padding: 0px 0px 0px 0px;background-position:left top;background-repeat:no-repeat;-webkit-background-size:cover;-moz-background-size:cover;-o-background-size:cover;background-size:cover;\"  data-bg-url=\"\">\n\t\t\t\t\t\t<div class=\"fusion-column-content-centered\"><div class=\"fusion-column-content\"><div class=\"imageframe-align-center\"><span class=\"fusion-imageframe imageframe-none imageframe-11 hover-type-zoomin\"><a class=\"fusion-no-lightbox\" href=\"http:\/\/www.renk.eu\/\" target=\"_blank\" aria-label=\"RENK\" rel=\"noopener noreferrer\"><img loading=\"lazy\" src=\"https:\/\/www.gtw.cz\/wp-content\/uploads\/2024\/01\/RENK-2.jpg\" width=\"249\" height=\"46\" alt=\"RENK\" class=\"img-responsive wp-image-6439\"\/><\/a><\/span><\/div><\/div><\/div><div class=\"fusion-clearfix\"><\/div>\n\n\t\t\t\t\t<\/div>\n\t\t\t\t<\/div><div  class=\"fusion-layout-column fusion_builder_column fusion_builder_column_1_4  fusion-one-fourth fusion-column-last 1_4\"  style='margin-top:0px;margin-bottom:0px;width:25%;width:calc(25% - ( ( 4% + 4% + 4% ) * 0.25 ) );'>\n\t\t\t\t\t<div class=\"fusion-column-wrapper\" style=\"padding: 0px 0px 0px 0px;background-position:left top;background-repeat:no-repeat;-webkit-background-size:cover;-moz-background-size:cover;-o-background-size:cover;background-size:cover;\"  data-bg-url=\"\">\n\t\t\t\t\t\t<div class=\"fusion-column-content-centered\"><div class=\"fusion-column-content\"><div class=\"imageframe-align-center\"><span class=\"fusion-imageframe imageframe-none imageframe-12 hover-type-zoomin\"><a class=\"fusion-no-lightbox\" href=\"https:\/\/www.howden.com\/\" target=\"_blank\" aria-label=\"9.&nbsp;\u010cKD Howden\" rel=\"noopener noreferrer\"><img loading=\"lazy\" src=\"https:\/\/www.gtw.cz\/wp-content\/uploads\/2017\/05\/9.-\u010cKD-Howden-e1497965474984.jpg\" width=\"275\" height=\"130\" alt=\"Howden\" class=\"img-responsive wp-image-3308\"\/><\/a><\/span><\/div><\/div><\/div><div class=\"fusion-clearfix\"><\/div>\n\n\t\t\t\t\t<\/div>\n\t\t\t\t<\/div><\/div><\/div><\/p>\n","protected":false},"excerpt":{"rendered":"","protected":false},"author":1,"featured_media":0,"parent":0,"menu_order":0,"comment_status":"closed","ping_status":"closed","template":"100-width.php","meta":{"_exactmetrics_skip_tracking":false,"_exactmetrics_sitenote_active":false,"_exactmetrics_sitenote_note":"","_exactmetrics_sitenote_category":0},"yoast_head":"<!-- This site is optimized with the Yoast SEO plugin v17.4 - https:\/\/yoast.com\/wordpress\/plugins\/seo\/ -->\n<title>References - GTW<\/title>\n<meta name=\"robots\" content=\"index, follow, max-snippet:-1, max-image-preview:large, max-video-preview:-1\" \/>\n<link rel=\"canonical\" href=\"https:\/\/www.gtw.cz\/en\/references\/\" \/>\n<meta property=\"og:locale\" content=\"en_US\" \/>\n<meta property=\"og:type\" content=\"article\" \/>\n<meta property=\"og:title\" content=\"References - GTW\" \/>\n<meta property=\"og:url\" content=\"https:\/\/www.gtw.cz\/en\/references\/\" \/>\n<meta property=\"og:site_name\" content=\"GTW\" \/>\n<meta property=\"article:modified_time\" content=\"2025-11-21T14:37:47+00:00\" \/>\n<meta name=\"twitter:card\" content=\"summary\" \/>\n<meta name=\"twitter:label1\" content=\"Est. reading time\" \/>\n\t<meta name=\"twitter:data1\" content=\"4 minutes\" \/>\n<script type=\"application\/ld+json\" class=\"yoast-schema-graph\">{\"@context\":\"https:\/\/schema.org\",\"@graph\":[{\"@type\":\"WebSite\",\"@id\":\"https:\/\/www.gtw.cz\/en\/#website\",\"url\":\"https:\/\/www.gtw.cz\/en\/\",\"name\":\"GTW\",\"description\":\"V\\u00fdroba kluzn\\u00fdch lo\\u017eisek na m\\u00edru\",\"potentialAction\":[{\"@type\":\"SearchAction\",\"target\":{\"@type\":\"EntryPoint\",\"urlTemplate\":\"https:\/\/www.gtw.cz\/en\/?s={search_term_string}\"},\"query-input\":\"required name=search_term_string\"}],\"inLanguage\":\"en-US\"},{\"@type\":\"WebPage\",\"@id\":\"https:\/\/www.gtw.cz\/en\/references\/#webpage\",\"url\":\"https:\/\/www.gtw.cz\/en\/references\/\",\"name\":\"References - GTW\",\"isPartOf\":{\"@id\":\"https:\/\/www.gtw.cz\/en\/#website\"},\"datePublished\":\"2017-06-20T13:46:29+00:00\",\"dateModified\":\"2025-11-21T14:37:47+00:00\",\"breadcrumb\":{\"@id\":\"https:\/\/www.gtw.cz\/en\/references\/#breadcrumb\"},\"inLanguage\":\"en-US\",\"potentialAction\":[{\"@type\":\"ReadAction\",\"target\":[\"https:\/\/www.gtw.cz\/en\/references\/\"]}]},{\"@type\":\"BreadcrumbList\",\"@id\":\"https:\/\/www.gtw.cz\/en\/references\/#breadcrumb\",\"itemListElement\":[{\"@type\":\"ListItem\",\"position\":1,\"name\":\"Dom\\u016f\",\"item\":\"https:\/\/www.gtw.cz\/en\/\"},{\"@type\":\"ListItem\",\"position\":2,\"name\":\"References\"}]}]}<\/script>\n<!-- \/ Yoast SEO plugin. -->","yoast_head_json":{"title":"References - GTW","robots":{"index":"index","follow":"follow","max-snippet":"max-snippet:-1","max-image-preview":"max-image-preview:large","max-video-preview":"max-video-preview:-1"},"canonical":"https:\/\/www.gtw.cz\/en\/references\/","og_locale":"en_US","og_type":"article","og_title":"References - GTW","og_url":"https:\/\/www.gtw.cz\/en\/references\/","og_site_name":"GTW","article_modified_time":"2025-11-21T14:37:47+00:00","twitter_card":"summary","twitter_misc":{"Est. reading time":"4 minutes"},"schema":{"@context":"https:\/\/schema.org","@graph":[{"@type":"WebSite","@id":"https:\/\/www.gtw.cz\/en\/#website","url":"https:\/\/www.gtw.cz\/en\/","name":"GTW","description":"V\u00fdroba kluzn\u00fdch lo\u017eisek na m\u00edru","potentialAction":[{"@type":"SearchAction","target":{"@type":"EntryPoint","urlTemplate":"https:\/\/www.gtw.cz\/en\/?s={search_term_string}"},"query-input":"required name=search_term_string"}],"inLanguage":"en-US"},{"@type":"WebPage","@id":"https:\/\/www.gtw.cz\/en\/references\/#webpage","url":"https:\/\/www.gtw.cz\/en\/references\/","name":"References - GTW","isPartOf":{"@id":"https:\/\/www.gtw.cz\/en\/#website"},"datePublished":"2017-06-20T13:46:29+00:00","dateModified":"2025-11-21T14:37:47+00:00","breadcrumb":{"@id":"https:\/\/www.gtw.cz\/en\/references\/#breadcrumb"},"inLanguage":"en-US","potentialAction":[{"@type":"ReadAction","target":["https:\/\/www.gtw.cz\/en\/references\/"]}]},{"@type":"BreadcrumbList","@id":"https:\/\/www.gtw.cz\/en\/references\/#breadcrumb","itemListElement":[{"@type":"ListItem","position":1,"name":"Dom\u016f","item":"https:\/\/www.gtw.cz\/en\/"},{"@type":"ListItem","position":2,"name":"References"}]}]}},"_links":{"self":[{"href":"https:\/\/www.gtw.cz\/en\/wp-json\/wp\/v2\/pages\/1906"}],"collection":[{"href":"https:\/\/www.gtw.cz\/en\/wp-json\/wp\/v2\/pages"}],"about":[{"href":"https:\/\/www.gtw.cz\/en\/wp-json\/wp\/v2\/types\/page"}],"author":[{"embeddable":true,"href":"https:\/\/www.gtw.cz\/en\/wp-json\/wp\/v2\/users\/1"}],"replies":[{"embeddable":true,"href":"https:\/\/www.gtw.cz\/en\/wp-json\/wp\/v2\/comments?post=1906"}],"version-history":[{"count":0,"href":"https:\/\/www.gtw.cz\/en\/wp-json\/wp\/v2\/pages\/1906\/revisions"}],"wp:attachment":[{"href":"https:\/\/www.gtw.cz\/en\/wp-json\/wp\/v2\/media?parent=1906"}],"curies":[{"name":"wp","href":"https:\/\/api.w.org\/{rel}","templated":true}]}}