{"id":1878,"date":"2017-06-20T15:16:33","date_gmt":"2017-06-20T13:16:33","guid":{"rendered":"https:\/\/www.gtw.cz\/?page_id=1878\/"},"modified":"2019-10-22T12:59:34","modified_gmt":"2019-10-22T10:59:34","slug":"products","status":"publish","type":"page","link":"https:\/\/www.gtw.cz\/en\/products\/","title":{"rendered":"Products"},"content":{"rendered":"<p><div class=\"fusion-fullwidth fullwidth-box fusion-parallax-none nonhundred-percent-fullwidth non-hundred-percent-height-scrolling fusion-equal-height-columns\"  style='background-color: rgba(255,255,255,0);background-image: url(\"https:\/\/www.gtw.cz\/wp-content\/uploads\/2015\/12\/gtw_hp_1350_final.jpg\");background-position: left bottom;background-repeat: no-repeat;padding-top:0px;padding-right:8%;padding-bottom:80px;padding-left:8%;border-top-width:0px;border-bottom-width:0px;border-color:#eae9e9;border-top-style:solid;border-bottom-style:solid;-webkit-background-size:cover;-moz-background-size:cover;-o-background-size:cover;background-size:cover;'><div class=\"fusion-builder-row fusion-row \"><div  class=\"fusion-layout-column fusion_builder_column fusion_builder_column_1_1  fusion-one-full fusion-column-first fusion-column-last 1_1\"  style='margin-top:0px;margin-bottom:0px;'>\n\t\t\t\t\t<div class=\"fusion-column-wrapper\" style=\"padding: 20px 0px 0px 0px;background-position:left top;background-repeat:no-repeat;-webkit-background-size:cover;-moz-background-size:cover;-o-background-size:cover;background-size:cover;\"  data-bg-url=\"\">\n\t\t\t\t\t\t<div class=\"fusion-title title fusion-sep-none fusion-title-center fusion-title-size-one nadpis-light\" style=\"margin-top:0px;margin-bottom:10px;\"><h1 class=\"title-heading-center\">Hydrodynamic White Metal-Lined<span style=\"font-weight: 200;\"><br \/>\nBearings and Bearings Systems<\/span><\/h1><\/div><div class=\"fusion-text\"><h4 style=\"text-align: center;\">Modern manufacturing and thorough checking of our products provides high quality and reliability.<\/h4>\n<p style=\"text-align: center;\">The thrust and journal bearings produced by our company are significant functional parts of many industrial equipment.<\/p>\n<\/div><div class=\"fusion-sep-clear\"><\/div><div class=\"fusion-separator sep-single sep-solid\" style=\"border-color:#e8e8e8;border-top-width:4px;margin-left: auto;margin-right: auto;margin-top:10px;margin-bottom:50px;width:100%;max-width:84px;\"><\/div><div class=\"fusion-builder-row fusion-builder-row-inner fusion-row \"><div  class=\"fusion-layout-column fusion_builder_column fusion_builder_column_1_3  fusion-one-third fusion-column-first 1_3\"  style='margin-top: 0px;margin-bottom: 0px;width:33.33%;width:calc(33.33% - ( ( 4% + 4% ) * 0.3333 ) );margin-right:4%;'><div class=\"fusion-column-wrapper\" style=\"padding: 0px 0px 0px 0px;background-position:left top;background-repeat:no-repeat;-webkit-background-size:cover;-moz-background-size:cover;-o-background-size:cover;background-size:cover;\"  data-bg-url=\"\"><div class=\"fusion-text\"><p><a class=\"contentBox radilni-aj\" href=\"\/en\/fixed-profile-journal-bearings\"><br \/>\n<span class=\"title\">Fixed Profile Journal Bearings<\/span><br \/>\n<span class=\"more\">About product<\/span><br \/>\n<\/a><\/p>\n<\/div><\/div><\/div><div  class=\"fusion-layout-column fusion_builder_column fusion_builder_column_1_3  fusion-one-third 1_3\"  style='margin-top: 0px;margin-bottom: 0px;width:33.33%;width:calc(33.33% - ( ( 4% + 4% ) * 0.3333 ) );margin-right:4%;'><div class=\"fusion-column-wrapper\" style=\"padding: 0px 0px 0px 0px;background-position:left top;background-repeat:no-repeat;-webkit-background-size:cover;-moz-background-size:cover;-o-background-size:cover;background-size:cover;\"  data-bg-url=\"\"><div class=\"fusion-text\"><p><a class=\"contentBox radialni-naklapeci-aj\" href=\"\/en\/tilting-pad-journal-bearings\"><br \/>\n<span class=\"title\">Tilting Pad Journal Bearings<\/span><br \/>\n<span class=\"more\">About product<\/span><br \/>\n<\/a><\/p>\n<\/div><\/div><\/div><div  class=\"fusion-layout-column fusion_builder_column fusion_builder_column_1_3  fusion-one-third fusion-column-last 1_3\"  style='margin-top: 0px;margin-bottom: 0px;width:33.33%;width:calc(33.33% - ( ( 4% + 4% ) * 0.3333 ) );'><div class=\"fusion-column-wrapper\" style=\"padding: 0px 0px 0px 0px;background-position:left top;background-repeat:no-repeat;-webkit-background-size:cover;-moz-background-size:cover;-o-background-size:cover;background-size:cover;\"  data-bg-url=\"\"><div class=\"fusion-text\"><p><a class=\"contentBox axialni-samovyvazovaci-aj\" href=\"\/en\/self-equalizing-thrust-bearings\/\"><br \/>\n<span class=\"title\">Self-Equalizing thrust bearings<\/span><br \/>\n<span class=\"more\">About product<\/span><br \/>\n<\/a><\/p>\n<\/div><\/div><\/div><\/div><div class=\"fusion-builder-row fusion-builder-row-inner fusion-row \"><div  class=\"fusion-layout-column fusion_builder_column fusion_builder_column_1_3  fusion-one-third fusion-column-first 1_3\"  style='margin-top: 0px;margin-bottom: 0px;width:33.33%;width:calc(33.33% - ( ( 4% + 4% ) * 0.3333 ) );margin-right:4%;'><div class=\"fusion-column-wrapper\" style=\"padding: 0px 0px 0px 0px;background-position:left top;background-repeat:no-repeat;-webkit-background-size:cover;-moz-background-size:cover;-o-background-size:cover;background-size:cover;\"  data-bg-url=\"\"><div class=\"fusion-text\"><p><a class=\"contentBox axialni-aj\" href=\"\/en\/tilting-pad-thrust-bearings\"><br \/>\n<span class=\"title\">Tilting Pad Thrust Bearings<\/span><br \/>\n<span class=\"more\">About product<\/span><br \/>\n<\/a><\/p>\n<\/div><\/div><\/div><div  class=\"fusion-layout-column fusion_builder_column fusion_builder_column_1_3  fusion-one-third 1_3\"  style='margin-top: 0px;margin-bottom: 0px;width:33.33%;width:calc(33.33% - ( ( 4% + 4% ) * 0.3333 ) );margin-right:4%;'><div class=\"fusion-column-wrapper\" style=\"padding: 0px 0px 0px 0px;background-position:left top;background-repeat:no-repeat;-webkit-background-size:cover;-moz-background-size:cover;-o-background-size:cover;background-size:cover;\"  data-bg-url=\"\"><div class=\"fusion-text\"><p><a class=\"contentBox systemy-aj\" href=\"\/en\/bearings-systems\"><br \/>\n<span class=\"title\">Bearings Systems<\/span><br \/>\n<span class=\"more\">About product<\/span><br \/>\n<\/a><\/p>\n<\/div><\/div><\/div><div  class=\"fusion-layout-column fusion_builder_column fusion_builder_column_1_3  fusion-one-third fusion-column-last 1_3\"  style='margin-top: 0px;margin-bottom: 0px;width:33.33%;width:calc(33.33% - ( ( 4% + 4% ) * 0.3333 ) );'><div class=\"fusion-column-wrapper\" style=\"padding: 0px 0px 0px 0px;background-position:left top;background-repeat:no-repeat;-webkit-background-size:cover;-moz-background-size:cover;-o-background-size:cover;background-size:cover;\"  data-bg-url=\"\"><div class=\"fusion-text\"><p><a class=\"contentBox izolovana-aj\" href=\"\/en\/electrically-insulated-bearings\"><br \/>\n<span class=\"title\">Electrically Insulated Bearings<\/span><br \/>\n<span class=\"more\">About product<\/span><br \/>\n<\/a><\/p>\n<\/div><\/div><\/div><\/div><div class=\"fusion-builder-row fusion-builder-row-inner fusion-row \"><div  class=\"fusion-layout-column fusion_builder_column fusion_builder_column_1_3  fusion-one-third fusion-column-first 1_3\"  style='margin-top: 0px;margin-bottom: 0px;width:33.33%;width:calc(33.33% - ( ( 4% ) * 0.3333 ) );margin-right:4%;'><div class=\"fusion-column-wrapper\" style=\"padding: 0px 0px 0px 0px;background-position:left top;background-repeat:no-repeat;-webkit-background-size:cover;-moz-background-size:cover;-o-background-size:cover;background-size:cover;\"  data-bg-url=\"\"><div class=\"fusion-text\"><p><a class=\"contentBox ostatni-aj\" href=\"https:\/\/www.gtw.cz\/en\/other-products\/\"><br \/>\n<span class=\"title\">Other Products<\/span><br \/>\n<span class=\"more\">About product<\/span><br \/>\n<\/a><\/p>\n<\/div><\/div><\/div><\/div><div class=\"fusion-clearfix\"><\/div>\n\n\t\t\t\t\t<\/div>\n\t\t\t\t<\/div><\/div><\/div><div class=\"fusion-fullwidth fullwidth-box nonhundred-percent-fullwidth non-hundred-percent-height-scrolling\"  style='background-color: rgba(255,255,255,0);background-position: center center;background-repeat: no-repeat;padding-top:15px;padding-right:0px;padding-bottom:15px;padding-left:0px;border-top-width:1px;border-bottom-width:1px;border-color:#eae9e9;border-top-style:solid;border-bottom-style:solid;'><div class=\"fusion-builder-row fusion-row \"><div  class=\"fusion-layout-column fusion_builder_column fusion_builder_column_1_4  fusion-one-fourth fusion-column-first 1_4\"  style='margin-top:0px;margin-bottom:0px;width:25%;width:calc(25% - ( ( 4% + 4% + 4% ) * 0.25 ) );margin-right: 4%;'>\n\t\t\t\t\t<div class=\"fusion-column-wrapper\" style=\"padding: 0px 0px 0px 0px;background-position:left top;background-repeat:no-repeat;-webkit-background-size:cover;-moz-background-size:cover;-o-background-size:cover;background-size:cover;\"  data-bg-url=\"\">\n\t\t\t\t\t\t<div class=\"fusion-text\"><div class=\"vyhoda\"><img class=\"alignnone style-svg size-full wp-image-1324\" src=\"https:\/\/www.gtw.cz\/wp-content\/uploads\/2015\/12\/ruce_a_ozubko.svg\" alt=\"\" \/><span class=\"text\">HIGH-QUALITY PRODUCTS<\/span><\/div>\n<\/div><div class=\"fusion-clearfix\"><\/div>\n\n\t\t\t\t\t<\/div>\n\t\t\t\t<\/div><div  class=\"fusion-layout-column fusion_builder_column fusion_builder_column_1_4  fusion-one-fourth 1_4\"  style='margin-top:0px;margin-bottom:0px;width:25%;width:calc(25% - ( ( 4% + 4% + 4% ) * 0.25 ) );margin-right: 4%;'>\n\t\t\t\t\t<div class=\"fusion-column-wrapper\" style=\"padding: 0px 0px 0px 0px;background-position:left top;background-repeat:no-repeat;-webkit-background-size:cover;-moz-background-size:cover;-o-background-size:cover;background-size:cover;\"  data-bg-url=\"\">\n\t\t\t\t\t\t<div class=\"fusion-text\"><div class=\"vyhoda\"><img class=\"alignnone size-full wp-image-1321 style-svg\" src=\"https:\/\/www.gtw.cz\/wp-content\/uploads\/2015\/12\/comp.svg\" alt=\"\" \/><span class=\"text\">THE MOST MODERN MACHINERY EQUIPMENT<\/span><\/div>\n<\/div><div class=\"fusion-clearfix\"><\/div>\n\n\t\t\t\t\t<\/div>\n\t\t\t\t<\/div><div  class=\"fusion-layout-column fusion_builder_column fusion_builder_column_1_4  fusion-one-fourth 1_4\"  style='margin-top:0px;margin-bottom:0px;width:25%;width:calc(25% - ( ( 4% + 4% + 4% ) * 0.25 ) );margin-right: 4%;'>\n\t\t\t\t\t<div class=\"fusion-column-wrapper\" style=\"padding: 0px 0px 0px 0px;background-position:left top;background-repeat:no-repeat;-webkit-background-size:cover;-moz-background-size:cover;-o-background-size:cover;background-size:cover;\"  data-bg-url=\"\">\n\t\t\t\t\t\t<div class=\"fusion-text\"><div class=\"vyhoda big\"><img class=\"alignnone size-full wp-image-1322 style-svg\" src=\"https:\/\/www.gtw.cz\/wp-content\/uploads\/2015\/12\/pc.svg\" alt=\"\" \/><span class=\"text\">OVER 20 YEARS EXPERIENCE IN DESIGN AND MANUFACTURING<\/span><\/div>\n<\/div><div class=\"fusion-clearfix\"><\/div>\n\n\t\t\t\t\t<\/div>\n\t\t\t\t<\/div><div  class=\"fusion-layout-column fusion_builder_column fusion_builder_column_1_4  fusion-one-fourth fusion-column-last 1_4\"  style='margin-top:0px;margin-bottom:0px;width:25%;width:calc(25% - ( ( 4% + 4% + 4% ) * 0.25 ) );'>\n\t\t\t\t\t<div class=\"fusion-column-wrapper\" style=\"padding: 0px 0px 0px 0px;background-position:left top;background-repeat:no-repeat;-webkit-background-size:cover;-moz-background-size:cover;-o-background-size:cover;background-size:cover;\"  data-bg-url=\"\">\n\t\t\t\t\t\t<div class=\"fusion-text\"><div class=\"vyhoda\"><img class=\"alignnone size-full wp-image-1323 style-svg\" src=\"https:\/\/www.gtw.cz\/wp-content\/uploads\/2015\/12\/dve_postavy.svg\" alt=\"\" \/><span class=\"text\">HIGH CAPACITY PRODUCTION<\/span><\/div>\n<\/div><div class=\"fusion-clearfix\"><\/div>\n\n\t\t\t\t\t<\/div>\n\t\t\t\t<\/div><\/div><\/div><\/p>\n","protected":false},"excerpt":{"rendered":"","protected":false},"author":1,"featured_media":0,"parent":0,"menu_order":0,"comment_status":"closed","ping_status":"closed","template":"100-width.php","meta":{"_exactmetrics_skip_tracking":false,"_exactmetrics_sitenote_active":false,"_exactmetrics_sitenote_note":"","_exactmetrics_sitenote_category":0},"yoast_head":"<!-- This site is optimized with the Yoast SEO plugin v17.4 - https:\/\/yoast.com\/wordpress\/plugins\/seo\/ -->\n<title>Products - GTW<\/title>\n<meta name=\"robots\" content=\"index, follow, max-snippet:-1, max-image-preview:large, max-video-preview:-1\" \/>\n<link rel=\"canonical\" href=\"https:\/\/www.gtw.cz\/en\/products\/\" \/>\n<meta property=\"og:locale\" content=\"en_US\" \/>\n<meta property=\"og:type\" content=\"article\" \/>\n<meta property=\"og:title\" content=\"Products - GTW\" \/>\n<meta property=\"og:url\" content=\"https:\/\/www.gtw.cz\/en\/products\/\" \/>\n<meta property=\"og:site_name\" content=\"GTW\" \/>\n<meta property=\"article:modified_time\" content=\"2019-10-22T10:59:34+00:00\" \/>\n<meta property=\"og:image\" content=\"https:\/\/www.gtw.cz\/wp-content\/uploads\/2015\/12\/ruce_a_ozubko.svg\" \/>\n<meta name=\"twitter:card\" content=\"summary\" \/>\n<meta name=\"twitter:label1\" content=\"Est. reading time\" \/>\n\t<meta name=\"twitter:data1\" content=\"6 minutes\" \/>\n<script type=\"application\/ld+json\" class=\"yoast-schema-graph\">{\"@context\":\"https:\/\/schema.org\",\"@graph\":[{\"@type\":\"WebSite\",\"@id\":\"https:\/\/www.gtw.cz\/en\/#website\",\"url\":\"https:\/\/www.gtw.cz\/en\/\",\"name\":\"GTW\",\"description\":\"V\\u00fdroba kluzn\\u00fdch lo\\u017eisek na m\\u00edru\",\"potentialAction\":[{\"@type\":\"SearchAction\",\"target\":{\"@type\":\"EntryPoint\",\"urlTemplate\":\"https:\/\/www.gtw.cz\/en\/?s={search_term_string}\"},\"query-input\":\"required name=search_term_string\"}],\"inLanguage\":\"en-US\"},{\"@type\":\"ImageObject\",\"@id\":\"https:\/\/www.gtw.cz\/en\/products\/#primaryimage\",\"inLanguage\":\"en-US\",\"url\":\"https:\/\/www.gtw.cz\/wp-content\/uploads\/2015\/12\/ruce_a_ozubko.svg\",\"contentUrl\":\"https:\/\/www.gtw.cz\/wp-content\/uploads\/2015\/12\/ruce_a_ozubko.svg\"},{\"@type\":\"WebPage\",\"@id\":\"https:\/\/www.gtw.cz\/en\/products\/#webpage\",\"url\":\"https:\/\/www.gtw.cz\/en\/products\/\",\"name\":\"Products - GTW\",\"isPartOf\":{\"@id\":\"https:\/\/www.gtw.cz\/en\/#website\"},\"primaryImageOfPage\":{\"@id\":\"https:\/\/www.gtw.cz\/en\/products\/#primaryimage\"},\"datePublished\":\"2017-06-20T13:16:33+00:00\",\"dateModified\":\"2019-10-22T10:59:34+00:00\",\"breadcrumb\":{\"@id\":\"https:\/\/www.gtw.cz\/en\/products\/#breadcrumb\"},\"inLanguage\":\"en-US\",\"potentialAction\":[{\"@type\":\"ReadAction\",\"target\":[\"https:\/\/www.gtw.cz\/en\/products\/\"]}]},{\"@type\":\"BreadcrumbList\",\"@id\":\"https:\/\/www.gtw.cz\/en\/products\/#breadcrumb\",\"itemListElement\":[{\"@type\":\"ListItem\",\"position\":1,\"name\":\"Dom\\u016f\",\"item\":\"https:\/\/www.gtw.cz\/en\/\"},{\"@type\":\"ListItem\",\"position\":2,\"name\":\"Products\"}]}]}<\/script>\n<!-- \/ Yoast SEO plugin. -->","yoast_head_json":{"title":"Products - GTW","robots":{"index":"index","follow":"follow","max-snippet":"max-snippet:-1","max-image-preview":"max-image-preview:large","max-video-preview":"max-video-preview:-1"},"canonical":"https:\/\/www.gtw.cz\/en\/products\/","og_locale":"en_US","og_type":"article","og_title":"Products - GTW","og_url":"https:\/\/www.gtw.cz\/en\/products\/","og_site_name":"GTW","article_modified_time":"2019-10-22T10:59:34+00:00","og_image":[{"url":"https:\/\/www.gtw.cz\/wp-content\/uploads\/2015\/12\/ruce_a_ozubko.svg"}],"twitter_card":"summary","twitter_misc":{"Est. reading time":"6 minutes"},"schema":{"@context":"https:\/\/schema.org","@graph":[{"@type":"WebSite","@id":"https:\/\/www.gtw.cz\/en\/#website","url":"https:\/\/www.gtw.cz\/en\/","name":"GTW","description":"V\u00fdroba kluzn\u00fdch lo\u017eisek na m\u00edru","potentialAction":[{"@type":"SearchAction","target":{"@type":"EntryPoint","urlTemplate":"https:\/\/www.gtw.cz\/en\/?s={search_term_string}"},"query-input":"required name=search_term_string"}],"inLanguage":"en-US"},{"@type":"ImageObject","@id":"https:\/\/www.gtw.cz\/en\/products\/#primaryimage","inLanguage":"en-US","url":"https:\/\/www.gtw.cz\/wp-content\/uploads\/2015\/12\/ruce_a_ozubko.svg","contentUrl":"https:\/\/www.gtw.cz\/wp-content\/uploads\/2015\/12\/ruce_a_ozubko.svg"},{"@type":"WebPage","@id":"https:\/\/www.gtw.cz\/en\/products\/#webpage","url":"https:\/\/www.gtw.cz\/en\/products\/","name":"Products - GTW","isPartOf":{"@id":"https:\/\/www.gtw.cz\/en\/#website"},"primaryImageOfPage":{"@id":"https:\/\/www.gtw.cz\/en\/products\/#primaryimage"},"datePublished":"2017-06-20T13:16:33+00:00","dateModified":"2019-10-22T10:59:34+00:00","breadcrumb":{"@id":"https:\/\/www.gtw.cz\/en\/products\/#breadcrumb"},"inLanguage":"en-US","potentialAction":[{"@type":"ReadAction","target":["https:\/\/www.gtw.cz\/en\/products\/"]}]},{"@type":"BreadcrumbList","@id":"https:\/\/www.gtw.cz\/en\/products\/#breadcrumb","itemListElement":[{"@type":"ListItem","position":1,"name":"Dom\u016f","item":"https:\/\/www.gtw.cz\/en\/"},{"@type":"ListItem","position":2,"name":"Products"}]}]}},"_links":{"self":[{"href":"https:\/\/www.gtw.cz\/en\/wp-json\/wp\/v2\/pages\/1878"}],"collection":[{"href":"https:\/\/www.gtw.cz\/en\/wp-json\/wp\/v2\/pages"}],"about":[{"href":"https:\/\/www.gtw.cz\/en\/wp-json\/wp\/v2\/types\/page"}],"author":[{"embeddable":true,"href":"https:\/\/www.gtw.cz\/en\/wp-json\/wp\/v2\/users\/1"}],"replies":[{"embeddable":true,"href":"https:\/\/www.gtw.cz\/en\/wp-json\/wp\/v2\/comments?post=1878"}],"version-history":[{"count":0,"href":"https:\/\/www.gtw.cz\/en\/wp-json\/wp\/v2\/pages\/1878\/revisions"}],"wp:attachment":[{"href":"https:\/\/www.gtw.cz\/en\/wp-json\/wp\/v2\/media?parent=1878"}],"curies":[{"name":"wp","href":"https:\/\/api.w.org\/{rel}","templated":true}]}}