{"id":1752,"date":"2017-06-20T08:55:27","date_gmt":"2017-06-20T06:55:27","guid":{"rendered":"https:\/\/www.gtw.cz\/?page_id=1752\/"},"modified":"2017-07-27T12:40:00","modified_gmt":"2017-07-27T10:40:00","slug":"tilting-pad-journal-bearings","status":"publish","type":"page","link":"https:\/\/www.gtw.cz\/en\/tilting-pad-journal-bearings\/","title":{"rendered":"Tilting Pad Journal Bearings"},"content":{"rendered":"<p><div class=\"fusion-fullwidth fullwidth-box nonhundred-percent-fullwidth non-hundred-percent-height-scrolling\"  style='background-color: rgba(255,255,255,0);background-position: center center;background-repeat: no-repeat;padding-right:0px;padding-bottom:30px;padding-left:0px;'><div class=\"fusion-builder-row fusion-row \"><div  class=\"fusion-layout-column fusion_builder_column fusion_builder_column_1_1  fusion-one-full fusion-column-first fusion-column-last 1_1\"  style='margin-top:0px;margin-bottom:0px;'>\n\t\t\t\t\t<div class=\"fusion-column-wrapper\" style=\"background-position:left top;background-repeat:no-repeat;-webkit-background-size:cover;-moz-background-size:cover;-o-background-size:cover;background-size:cover;\"  data-bg-url=\"\">\n\t\t\t\t\t\t<div class=\"fusion-title title fusion-sep-none fusion-title-center fusion-title-size-one nadpis-light\" style=\"margin-top:0px;margin-bottom:30px;\"><h1 class=\"title-heading-center\">TILTING PAD JOURNAL <span style=\"font-weight: 200;\">BEARINGS<\/span><\/h1><\/div><div class=\"fusion-clearfix\"><\/div>\n\n\t\t\t\t\t<\/div>\n\t\t\t\t<\/div><\/div><\/div><div class=\"fusion-fullwidth fullwidth-box nonhundred-percent-fullwidth non-hundred-percent-height-scrolling fusion-equal-height-columns\"  style='background-color: rgba(255,255,255,0);background-position: center center;background-repeat: no-repeat;padding-top:0px;padding-right:0px;padding-bottom:0px;padding-left:0px;'><div class=\"fusion-builder-row fusion-row \"><div  class=\"fusion-layout-column fusion_builder_column fusion_builder_column_1_2  fusion-one-half fusion-column-first 1_2\"  style='margin-top:0px;margin-bottom:0px;width:50%;width:calc(50% - ( ( 4% ) * 0.5 ) );margin-right: 4%;'>\n\t\t\t\t\t<div class=\"fusion-column-wrapper\" style=\"background-position:left top;background-repeat:no-repeat;-webkit-background-size:cover;-moz-background-size:cover;-o-background-size:cover;background-size:cover;\"  data-bg-url=\"\">\n\t\t\t\t\t\t<span class=\"fusion-imageframe imageframe-none imageframe-1 hover-type-none product-img\"><img loading=\"lazy\" src=\"https:\/\/www.gtw.cz\/wp-content\/uploads\/2017\/06\/lozisko-radialni.jpg\" width=\"659\" height=\"644\" alt=\"Tilting Pad Journal Bearings\" title=\"\" class=\"img-responsive wp-image-3288\" srcset=\"https:\/\/www.gtw.cz\/wp-content\/uploads\/2017\/06\/lozisko-radialni-200x195.jpg 200w, https:\/\/www.gtw.cz\/wp-content\/uploads\/2017\/06\/lozisko-radialni-400x391.jpg 400w, https:\/\/www.gtw.cz\/wp-content\/uploads\/2017\/06\/lozisko-radialni-600x586.jpg 600w, https:\/\/www.gtw.cz\/wp-content\/uploads\/2017\/06\/lozisko-radialni.jpg 659w\" sizes=\"(max-width: 800px) 100vw, 659px\" \/><\/span><div class=\"fusion-text\"><h4>Parameters<\/h4>\n<ul class=\"odrazky\">\n<li>Shaft diameter from 30 up to 500 mm<\/li>\n<li>Variable range of properties<\/li>\n<li>Stable properties of bearing run<\/li>\n<li>Various types of white metal<\/li>\n<\/ul>\n<\/div><div class=\"fusion-clearfix\"><\/div>\n\n\t\t\t\t\t<\/div>\n\t\t\t\t<\/div><div  class=\"fusion-layout-column fusion_builder_column fusion_builder_column_1_2  fusion-one-half fusion-column-last shadow-block 1_2\"  style='margin-top:0px;margin-bottom:0px;width:50%;width:calc(50% - ( ( 4% ) * 0.5 ) );'>\n\t\t\t\t\t<div class=\"fusion-column-wrapper\" style=\"padding: 30px 20px 30px 20px;background-position:left top;background-repeat:no-repeat;-webkit-background-size:cover;-moz-background-size:cover;-o-background-size:cover;background-size:cover;\"  data-bg-url=\"\">\n\t\t\t\t\t\t<div class=\"fusion-text\"><p>These bearings are used in high speed machines, mostly in turbo gearboxes, industrial turbines and turbocompressors.<\/p>\n<\/div><div class=\"fusion-text\"><h5>Advantages of Tilting Pad Journal Bearings:<\/h5>\n<ul class=\"odrazky\">\n<li>Maximum possible stability of rotating parts<\/li>\n<li>Low sensitivity to load direction<\/li>\n<li>Oil flow can be minimised, which reduces loss caused by friction<\/li>\n<li>Standard components can be used<\/li>\n<\/ul>\n<\/div><div class=\"fusion-text\"><h5>Advantages of GTW Tilting Pad Journal Bearings:<\/h5>\n<ul class=\"odrazky\">\n<li>Designed for the transfer of radial loads with optimal dynamic features and minimum power loss<\/li>\n<li>Optimised lubrication of bearings enables minimum power loss and decreased temperature<\/li>\n<li>Simple and universal design, which enables the combination of axial\/radial loads<\/li>\n<li>Provision of static and dynamic performance data are standard<\/li>\n<\/ul>\n<\/div><div class=\"fusion-text\"><div class=\"download-attachment-wrapper\"><a class=\"download-attachment\" href=\"https:\/\/www.gtw.cz\/wp-content\/uploads\/2017\/06\/Tilting-Pad-Journal-Bearings-Catalogue.pdf\" target=\"_blank\" rel=\"noopener noreferrer\"><img class=\"aligncenter size-full wp-image-1992 style-svg\" src=\"https:\/\/www.gtw.cz\/wp-content\/uploads\/2017\/06\/pdf-icon.svg\" alt=\"\" \/>Technical specifications<\/a><\/div>\n<\/div><div class=\"fusion-clearfix\"><\/div>\n\n\t\t\t\t\t<\/div>\n\t\t\t\t<\/div><\/div><\/div><div class=\"fusion-fullwidth fullwidth-box nonhundred-percent-fullwidth non-hundred-percent-height-scrolling\"  style='background-color: rgba(255,255,255,0);background-position: center center;background-repeat: no-repeat;padding-top:0px;padding-right:0px;padding-bottom:30px;padding-left:0px;margin-top: 40px;'><div class=\"fusion-builder-row fusion-row \"><div  class=\"fusion-layout-column fusion_builder_column fusion_builder_column_1_1  fusion-one-full fusion-column-first fusion-column-last 1_1\"  style='margin-top:0px;margin-bottom:0px;'>\n\t\t\t\t\t<div class=\"fusion-column-wrapper\" style=\"background-position:left top;background-repeat:no-repeat;-webkit-background-size:cover;-moz-background-size:cover;-o-background-size:cover;background-size:cover;\"  data-bg-url=\"\">\n\t\t\t\t\t\t<div class=\"fusion-image-carousel fusion-image-carousel-auto lightbox-enabled\"><div class=\"fusion-carousel\" data-autoplay=\"yes\" data-columns=\"4\" data-itemmargin=\"20\" data-itemwidth=\"180\" data-touchscroll=\"no\" data-imagesize=\"auto\"><div class=\"fusion-carousel-positioner\"><ul class=\"fusion-carousel-holder\"><li class=\"fusion-carousel-item\"><div class=\"fusion-carousel-item-wrapper\"><div class=\"fusion-image-wrapper hover-type-zoomin\"><a data-rel=\"iLightbox[gallery_image_1]\" data-title=\"IMG 4215&nbsp;10&#215;15\" aria-label=\"IMG 4215&nbsp;10&#215;15\" href=\"https:\/\/www.gtw.cz\/wp-content\/uploads\/2017\/06\/IMG_4215_10x15-1024x682.jpg\" target=\"_self\"><img width=\"1772\" height=\"1181\" src=\"https:\/\/www.gtw.cz\/wp-content\/uploads\/2017\/06\/IMG_4215_10x15.jpg\" class=\"attachment-full size-full\" alt=\"\" loading=\"lazy\" srcset=\"https:\/\/www.gtw.cz\/wp-content\/uploads\/2017\/06\/IMG_4215_10x15-200x133.jpg 200w, https:\/\/www.gtw.cz\/wp-content\/uploads\/2017\/06\/IMG_4215_10x15-300x200.jpg 300w, https:\/\/www.gtw.cz\/wp-content\/uploads\/2017\/06\/IMG_4215_10x15-400x267.jpg 400w, https:\/\/www.gtw.cz\/wp-content\/uploads\/2017\/06\/IMG_4215_10x15-600x400.jpg 600w, https:\/\/www.gtw.cz\/wp-content\/uploads\/2017\/06\/IMG_4215_10x15-768x512.jpg 768w, https:\/\/www.gtw.cz\/wp-content\/uploads\/2017\/06\/IMG_4215_10x15-800x533.jpg 800w, https:\/\/www.gtw.cz\/wp-content\/uploads\/2017\/06\/IMG_4215_10x15-1024x682.jpg 1024w, https:\/\/www.gtw.cz\/wp-content\/uploads\/2017\/06\/IMG_4215_10x15-1200x800.jpg 1200w, https:\/\/www.gtw.cz\/wp-content\/uploads\/2017\/06\/IMG_4215_10x15.jpg 1772w\" sizes=\"(max-width: 1772px) 100vw, 1772px\" \/><\/a><\/div><\/div><\/li><li class=\"fusion-carousel-item\"><div class=\"fusion-carousel-item-wrapper\"><div class=\"fusion-image-wrapper hover-type-zoomin\"><a data-rel=\"iLightbox[gallery_image_1]\" data-title=\"IMG 4075&nbsp;10&#215;15\" aria-label=\"IMG 4075&nbsp;10&#215;15\" href=\"https:\/\/www.gtw.cz\/wp-content\/uploads\/2017\/06\/IMG_4075_10x15-1024x683.jpg\" target=\"_self\"><img width=\"1772\" height=\"1182\" src=\"https:\/\/www.gtw.cz\/wp-content\/uploads\/2017\/06\/IMG_4075_10x15.jpg\" class=\"attachment-full size-full\" alt=\"\" loading=\"lazy\" srcset=\"https:\/\/www.gtw.cz\/wp-content\/uploads\/2017\/06\/IMG_4075_10x15-200x133.jpg 200w, https:\/\/www.gtw.cz\/wp-content\/uploads\/2017\/06\/IMG_4075_10x15-300x200.jpg 300w, https:\/\/www.gtw.cz\/wp-content\/uploads\/2017\/06\/IMG_4075_10x15-400x267.jpg 400w, https:\/\/www.gtw.cz\/wp-content\/uploads\/2017\/06\/IMG_4075_10x15-600x400.jpg 600w, https:\/\/www.gtw.cz\/wp-content\/uploads\/2017\/06\/IMG_4075_10x15-768x512.jpg 768w, https:\/\/www.gtw.cz\/wp-content\/uploads\/2017\/06\/IMG_4075_10x15-800x534.jpg 800w, https:\/\/www.gtw.cz\/wp-content\/uploads\/2017\/06\/IMG_4075_10x15-1024x683.jpg 1024w, https:\/\/www.gtw.cz\/wp-content\/uploads\/2017\/06\/IMG_4075_10x15-1200x800.jpg 1200w, https:\/\/www.gtw.cz\/wp-content\/uploads\/2017\/06\/IMG_4075_10x15.jpg 1772w\" sizes=\"(max-width: 1772px) 100vw, 1772px\" \/><\/a><\/div><\/div><\/li><li class=\"fusion-carousel-item\"><div class=\"fusion-carousel-item-wrapper\"><div class=\"fusion-image-wrapper hover-type-zoomin\"><a data-rel=\"iLightbox[gallery_image_1]\" data-title=\"IMG 4292&nbsp;10&#215;15\" aria-label=\"IMG 4292&nbsp;10&#215;15\" href=\"https:\/\/www.gtw.cz\/wp-content\/uploads\/2017\/06\/IMG_4292_10x15-1024x682.jpg\" target=\"_self\"><img width=\"1772\" height=\"1181\" src=\"https:\/\/www.gtw.cz\/wp-content\/uploads\/2017\/06\/IMG_4292_10x15.jpg\" class=\"attachment-full size-full\" alt=\"\" loading=\"lazy\" srcset=\"https:\/\/www.gtw.cz\/wp-content\/uploads\/2017\/06\/IMG_4292_10x15-200x133.jpg 200w, https:\/\/www.gtw.cz\/wp-content\/uploads\/2017\/06\/IMG_4292_10x15-300x200.jpg 300w, https:\/\/www.gtw.cz\/wp-content\/uploads\/2017\/06\/IMG_4292_10x15-400x267.jpg 400w, https:\/\/www.gtw.cz\/wp-content\/uploads\/2017\/06\/IMG_4292_10x15-600x400.jpg 600w, https:\/\/www.gtw.cz\/wp-content\/uploads\/2017\/06\/IMG_4292_10x15-768x512.jpg 768w, https:\/\/www.gtw.cz\/wp-content\/uploads\/2017\/06\/IMG_4292_10x15-800x533.jpg 800w, https:\/\/www.gtw.cz\/wp-content\/uploads\/2017\/06\/IMG_4292_10x15-1024x682.jpg 1024w, https:\/\/www.gtw.cz\/wp-content\/uploads\/2017\/06\/IMG_4292_10x15-1200x800.jpg 1200w, https:\/\/www.gtw.cz\/wp-content\/uploads\/2017\/06\/IMG_4292_10x15.jpg 1772w\" sizes=\"(max-width: 1772px) 100vw, 1772px\" \/><\/a><\/div><\/div><\/li><\/ul><div class=\"fusion-carousel-nav\"><span class=\"fusion-nav-prev\"><\/span><span class=\"fusion-nav-next\"><\/span><\/div><\/div><\/div><\/div><div class=\"fusion-button-wrapper fusion-aligncenter\"><style type=\"text\/css\" scoped=\"scoped\">.fusion-button.button-1 .fusion-button-text, .fusion-button.button-1 i {color:#333333;}.fusion-button.button-1 {border-width:0px;border-color:#333333;}.fusion-button.button-1 .fusion-button-icon-divider{border-color:#333333;}.fusion-button.button-1:hover .fusion-button-text, .fusion-button.button-1:hover i,.fusion-button.button-1:focus .fusion-button-text, .fusion-button.button-1:focus i,.fusion-button.button-1:active .fusion-button-text, .fusion-button.button-1:active{color:#ffffff;}.fusion-button.button-1:hover, .fusion-button.button-1:focus, .fusion-button.button-1:active{border-width:0px;border-color:#ffffff;}.fusion-button.button-1:hover .fusion-button-icon-divider, .fusion-button.button-1:hover .fusion-button-icon-divider, .fusion-button.button-1:active .fusion-button-icon-divider{border-color:#ffffff;}.fusion-button.button-1{width:auto;}<\/style><a class=\"fusion-button button-flat fusion-button-square button-xlarge button-default button-1 with-stripe\" target=\"_self\" href=\"\/en\/products\/\"><span class=\"fusion-button-text\">All products<\/span><\/a><\/div><div class=\"fusion-clearfix\"><\/div>\n\n\t\t\t\t\t<\/div>\n\t\t\t\t<\/div><\/div><\/div><div class=\"fusion-fullwidth fullwidth-box nonhundred-percent-fullwidth non-hundred-percent-height-scrolling\"  style='background-color: rgba(255,255,255,0);background-position: center center;background-repeat: no-repeat;padding-top:15px;padding-right:0px;padding-bottom:15px;padding-left:0px;border-top-width:1px;border-bottom-width:1px;border-color:#eae9e9;border-top-style:solid;border-bottom-style:solid;'><div class=\"fusion-builder-row fusion-row \"><div  class=\"fusion-layout-column fusion_builder_column fusion_builder_column_1_4  fusion-one-fourth fusion-column-first 1_4\"  style='margin-top:0px;margin-bottom:0px;width:25%;width:calc(25% - ( ( 4% + 4% + 4% ) * 0.25 ) );margin-right: 4%;'>\n\t\t\t\t\t<div class=\"fusion-column-wrapper\" style=\"background-position:left top;background-repeat:no-repeat;-webkit-background-size:cover;-moz-background-size:cover;-o-background-size:cover;background-size:cover;\"  data-bg-url=\"\">\n\t\t\t\t\t\t<div class=\"fusion-text\"><div class=\"vyhoda\"><img class=\"alignnone style-svg size-full wp-image-1324\" src=\"https:\/\/www.gtw.cz\/wp-content\/uploads\/2015\/12\/ruce_a_ozubko.svg\" alt=\"\" \/><span class=\"text\">HIGH-QUALITY PRODUCTS<\/span><\/div>\n<\/div><div class=\"fusion-clearfix\"><\/div>\n\n\t\t\t\t\t<\/div>\n\t\t\t\t<\/div><div  class=\"fusion-layout-column fusion_builder_column fusion_builder_column_1_4  fusion-one-fourth 1_4\"  style='margin-top:0px;margin-bottom:0px;width:25%;width:calc(25% - ( ( 4% + 4% + 4% ) * 0.25 ) );margin-right: 4%;'>\n\t\t\t\t\t<div class=\"fusion-column-wrapper\" style=\"background-position:left top;background-repeat:no-repeat;-webkit-background-size:cover;-moz-background-size:cover;-o-background-size:cover;background-size:cover;\"  data-bg-url=\"\">\n\t\t\t\t\t\t<div class=\"fusion-text\"><div class=\"vyhoda\"><img class=\"alignnone size-full wp-image-1321 style-svg\" src=\"https:\/\/www.gtw.cz\/wp-content\/uploads\/2015\/12\/comp.svg\" alt=\"\" \/><span class=\"text\">THE MOST MODERN MACHINERY EQUIPMENT<\/span><\/div>\n<\/div><div class=\"fusion-clearfix\"><\/div>\n\n\t\t\t\t\t<\/div>\n\t\t\t\t<\/div><div  class=\"fusion-layout-column fusion_builder_column fusion_builder_column_1_4  fusion-one-fourth 1_4\"  style='margin-top:0px;margin-bottom:0px;width:25%;width:calc(25% - ( ( 4% + 4% + 4% ) * 0.25 ) );margin-right: 4%;'>\n\t\t\t\t\t<div class=\"fusion-column-wrapper\" style=\"background-position:left top;background-repeat:no-repeat;-webkit-background-size:cover;-moz-background-size:cover;-o-background-size:cover;background-size:cover;\"  data-bg-url=\"\">\n\t\t\t\t\t\t<div class=\"fusion-text\"><div class=\"vyhoda big\"><img class=\"alignnone size-full wp-image-1322 style-svg\" src=\"https:\/\/www.gtw.cz\/wp-content\/uploads\/2015\/12\/pc.svg\" alt=\"\" \/><span class=\"text\">OVER 20 YEARS EXPERIENCE IN DESIGN AND MANUFACTURING<\/span><\/div>\n<\/div><div class=\"fusion-clearfix\"><\/div>\n\n\t\t\t\t\t<\/div>\n\t\t\t\t<\/div><div  class=\"fusion-layout-column fusion_builder_column fusion_builder_column_1_4  fusion-one-fourth fusion-column-last 1_4\"  style='margin-top:0px;margin-bottom:0px;width:25%;width:calc(25% - ( ( 4% + 4% + 4% ) * 0.25 ) );'>\n\t\t\t\t\t<div class=\"fusion-column-wrapper\" style=\"background-position:left top;background-repeat:no-repeat;-webkit-background-size:cover;-moz-background-size:cover;-o-background-size:cover;background-size:cover;\"  data-bg-url=\"\">\n\t\t\t\t\t\t<div class=\"fusion-text\"><div class=\"vyhoda\"><img class=\"alignnone size-full wp-image-1323 style-svg\" src=\"https:\/\/www.gtw.cz\/wp-content\/uploads\/2015\/12\/dve_postavy.svg\" alt=\"\" \/><span class=\"text\">High Capacity Production<\/span><\/div>\n<\/div><div class=\"fusion-clearfix\"><\/div>\n\n\t\t\t\t\t<\/div>\n\t\t\t\t<\/div><\/div><\/div><\/p>\n","protected":false},"excerpt":{"rendered":"","protected":false},"author":1,"featured_media":0,"parent":0,"menu_order":0,"comment_status":"closed","ping_status":"closed","template":"","meta":{"_exactmetrics_skip_tracking":false,"_exactmetrics_sitenote_active":false,"_exactmetrics_sitenote_note":"","_exactmetrics_sitenote_category":0},"yoast_head":"<!-- This site is optimized with the Yoast SEO plugin v17.4 - https:\/\/yoast.com\/wordpress\/plugins\/seo\/ -->\n<title>Tilting Pad Journal Bearings - GTW<\/title>\n<meta name=\"robots\" content=\"index, follow, max-snippet:-1, max-image-preview:large, max-video-preview:-1\" \/>\n<link rel=\"canonical\" href=\"https:\/\/www.gtw.cz\/en\/tilting-pad-journal-bearings\/\" \/>\n<meta property=\"og:locale\" content=\"en_US\" \/>\n<meta property=\"og:type\" content=\"article\" \/>\n<meta property=\"og:title\" content=\"Tilting Pad Journal Bearings - GTW\" \/>\n<meta property=\"og:url\" content=\"https:\/\/www.gtw.cz\/en\/tilting-pad-journal-bearings\/\" \/>\n<meta property=\"og:site_name\" content=\"GTW\" \/>\n<meta property=\"article:modified_time\" content=\"2017-07-27T10:40:00+00:00\" \/>\n<meta property=\"og:image\" content=\"https:\/\/www.gtw.cz\/wp-content\/uploads\/2017\/06\/pdf-icon.svg\" \/>\n<meta name=\"twitter:card\" content=\"summary\" \/>\n<meta name=\"twitter:label1\" content=\"Est. reading time\" \/>\n\t<meta name=\"twitter:data1\" content=\"7 minutes\" \/>\n<script type=\"application\/ld+json\" class=\"yoast-schema-graph\">{\"@context\":\"https:\/\/schema.org\",\"@graph\":[{\"@type\":\"WebSite\",\"@id\":\"https:\/\/www.gtw.cz\/en\/#website\",\"url\":\"https:\/\/www.gtw.cz\/en\/\",\"name\":\"GTW\",\"description\":\"V\\u00fdroba kluzn\\u00fdch lo\\u017eisek na m\\u00edru\",\"potentialAction\":[{\"@type\":\"SearchAction\",\"target\":{\"@type\":\"EntryPoint\",\"urlTemplate\":\"https:\/\/www.gtw.cz\/en\/?s={search_term_string}\"},\"query-input\":\"required name=search_term_string\"}],\"inLanguage\":\"en-US\"},{\"@type\":\"ImageObject\",\"@id\":\"https:\/\/www.gtw.cz\/en\/tilting-pad-journal-bearings\/#primaryimage\",\"inLanguage\":\"en-US\",\"url\":\"https:\/\/www.gtw.cz\/wp-content\/uploads\/2017\/06\/pdf-icon.svg\",\"contentUrl\":\"https:\/\/www.gtw.cz\/wp-content\/uploads\/2017\/06\/pdf-icon.svg\"},{\"@type\":\"WebPage\",\"@id\":\"https:\/\/www.gtw.cz\/en\/tilting-pad-journal-bearings\/#webpage\",\"url\":\"https:\/\/www.gtw.cz\/en\/tilting-pad-journal-bearings\/\",\"name\":\"Tilting Pad Journal Bearings - GTW\",\"isPartOf\":{\"@id\":\"https:\/\/www.gtw.cz\/en\/#website\"},\"primaryImageOfPage\":{\"@id\":\"https:\/\/www.gtw.cz\/en\/tilting-pad-journal-bearings\/#primaryimage\"},\"datePublished\":\"2017-06-20T06:55:27+00:00\",\"dateModified\":\"2017-07-27T10:40:00+00:00\",\"breadcrumb\":{\"@id\":\"https:\/\/www.gtw.cz\/en\/tilting-pad-journal-bearings\/#breadcrumb\"},\"inLanguage\":\"en-US\",\"potentialAction\":[{\"@type\":\"ReadAction\",\"target\":[\"https:\/\/www.gtw.cz\/en\/tilting-pad-journal-bearings\/\"]}]},{\"@type\":\"BreadcrumbList\",\"@id\":\"https:\/\/www.gtw.cz\/en\/tilting-pad-journal-bearings\/#breadcrumb\",\"itemListElement\":[{\"@type\":\"ListItem\",\"position\":1,\"name\":\"Dom\\u016f\",\"item\":\"https:\/\/www.gtw.cz\/en\/\"},{\"@type\":\"ListItem\",\"position\":2,\"name\":\"Tilting Pad Journal Bearings\"}]}]}<\/script>\n<!-- \/ Yoast SEO plugin. -->","yoast_head_json":{"title":"Tilting Pad Journal Bearings - GTW","robots":{"index":"index","follow":"follow","max-snippet":"max-snippet:-1","max-image-preview":"max-image-preview:large","max-video-preview":"max-video-preview:-1"},"canonical":"https:\/\/www.gtw.cz\/en\/tilting-pad-journal-bearings\/","og_locale":"en_US","og_type":"article","og_title":"Tilting Pad Journal Bearings - GTW","og_url":"https:\/\/www.gtw.cz\/en\/tilting-pad-journal-bearings\/","og_site_name":"GTW","article_modified_time":"2017-07-27T10:40:00+00:00","og_image":[{"url":"https:\/\/www.gtw.cz\/wp-content\/uploads\/2017\/06\/pdf-icon.svg"}],"twitter_card":"summary","twitter_misc":{"Est. reading time":"7 minutes"},"schema":{"@context":"https:\/\/schema.org","@graph":[{"@type":"WebSite","@id":"https:\/\/www.gtw.cz\/en\/#website","url":"https:\/\/www.gtw.cz\/en\/","name":"GTW","description":"V\u00fdroba kluzn\u00fdch lo\u017eisek na m\u00edru","potentialAction":[{"@type":"SearchAction","target":{"@type":"EntryPoint","urlTemplate":"https:\/\/www.gtw.cz\/en\/?s={search_term_string}"},"query-input":"required name=search_term_string"}],"inLanguage":"en-US"},{"@type":"ImageObject","@id":"https:\/\/www.gtw.cz\/en\/tilting-pad-journal-bearings\/#primaryimage","inLanguage":"en-US","url":"https:\/\/www.gtw.cz\/wp-content\/uploads\/2017\/06\/pdf-icon.svg","contentUrl":"https:\/\/www.gtw.cz\/wp-content\/uploads\/2017\/06\/pdf-icon.svg"},{"@type":"WebPage","@id":"https:\/\/www.gtw.cz\/en\/tilting-pad-journal-bearings\/#webpage","url":"https:\/\/www.gtw.cz\/en\/tilting-pad-journal-bearings\/","name":"Tilting Pad Journal Bearings - GTW","isPartOf":{"@id":"https:\/\/www.gtw.cz\/en\/#website"},"primaryImageOfPage":{"@id":"https:\/\/www.gtw.cz\/en\/tilting-pad-journal-bearings\/#primaryimage"},"datePublished":"2017-06-20T06:55:27+00:00","dateModified":"2017-07-27T10:40:00+00:00","breadcrumb":{"@id":"https:\/\/www.gtw.cz\/en\/tilting-pad-journal-bearings\/#breadcrumb"},"inLanguage":"en-US","potentialAction":[{"@type":"ReadAction","target":["https:\/\/www.gtw.cz\/en\/tilting-pad-journal-bearings\/"]}]},{"@type":"BreadcrumbList","@id":"https:\/\/www.gtw.cz\/en\/tilting-pad-journal-bearings\/#breadcrumb","itemListElement":[{"@type":"ListItem","position":1,"name":"Dom\u016f","item":"https:\/\/www.gtw.cz\/en\/"},{"@type":"ListItem","position":2,"name":"Tilting Pad Journal Bearings"}]}]}},"_links":{"self":[{"href":"https:\/\/www.gtw.cz\/en\/wp-json\/wp\/v2\/pages\/1752"}],"collection":[{"href":"https:\/\/www.gtw.cz\/en\/wp-json\/wp\/v2\/pages"}],"about":[{"href":"https:\/\/www.gtw.cz\/en\/wp-json\/wp\/v2\/types\/page"}],"author":[{"embeddable":true,"href":"https:\/\/www.gtw.cz\/en\/wp-json\/wp\/v2\/users\/1"}],"replies":[{"embeddable":true,"href":"https:\/\/www.gtw.cz\/en\/wp-json\/wp\/v2\/comments?post=1752"}],"version-history":[{"count":0,"href":"https:\/\/www.gtw.cz\/en\/wp-json\/wp\/v2\/pages\/1752\/revisions"}],"wp:attachment":[{"href":"https:\/\/www.gtw.cz\/en\/wp-json\/wp\/v2\/media?parent=1752"}],"curies":[{"name":"wp","href":"https:\/\/api.w.org\/{rel}","templated":true}]}}